{"id":903,"date":"2023-03-07T08:45:06","date_gmt":"2023-03-07T07:45:06","guid":{"rendered":"https:\/\/gommapiuma.eu\/?page_id=903"},"modified":"2025-02-06T07:58:40","modified_gmt":"2025-02-06T06:58:40","slug":"gommapiuma-alta-densita","status":"publish","type":"page","link":"https:\/\/gommapiuma.eu\/index.php\/gommapiuma-alta-densita\/","title":{"rendered":"Gommapiuma alta densit\u00e0"},"content":{"rendered":"\n<p class=\"has-medium-font-size\">Per noi di gommapiuma.eu l&#8217;innovazione \u00e8 ricerca rappresenta una missione. Presentiamo ultima novit\u00e0 relativa alla gommapiuma in alta densit\u00e0. Disponiamo densit\u00e0 30 kg\/m3 superiore a tutte le densit\u00e0 prodotte e commercializzate. Compatta e rigida si presta a varie applicazioni.<\/p>\n\n\n\n<h2 class=\"wp-block-heading has-medium-font-size\">Densit\u00e0 Cuscini<\/h2>\n\n\n\n<figure class=\"wp-block-image alignleft size-full is-resized\"><img loading=\"lazy\" decoding=\"async\" width=\"1024\" height=\"878\" src=\"https:\/\/gommapiuma.eu\/wp-content\/uploads\/2023\/03\/gommapiuma-per-divani.jpg\" alt=\"densit\u00e0 gommapiuma\" class=\"wp-image-905\" style=\"aspect-ratio:1.1657458563535912;width:195px;height:auto\" srcset=\"https:\/\/gommapiuma.eu\/wp-content\/uploads\/2023\/03\/gommapiuma-per-divani.jpg 1024w, https:\/\/gommapiuma.eu\/wp-content\/uploads\/2023\/03\/gommapiuma-per-divani-300x257.jpg 300w, https:\/\/gommapiuma.eu\/wp-content\/uploads\/2023\/03\/gommapiuma-per-divani-768x659.jpg 768w\" sizes=\"(max-width: 1024px) 100vw, 1024px\" \/><\/figure>\n\n\n\n<p class=\"has-medium-font-size\">Per la clientela che desidera una gommapiuma alta densit\u00e0 per <a href=\"https:\/\/gommapiuma.eu\/\">imbottiture e divani<\/a> in particolare cuscini consistenti e rigidi per la seduta \u00e8 una vera soluzione. Prodotta nel 2022 sostituisce tutte le densit\u00e0 precedenti della serie 30 kg\/m3. Nessun indice di affossamento. E possibile tagliarla nelle altezze e perimetri richiesti, non necessit\u00e0 di spessori notevoli per sentirne consistenza come nelle comuni densit\u00e0. Dai classici cuscini rettangolari a forme non regolari \u00e8 possibile produrla in qualsiasi misura riferita a un imbottitura rigida per divani. Una vera novit\u00e0 per l&#8217;uso in tappezzeria.<\/p>\n\n\n\n<h3 class=\"wp-block-heading has-medium-font-size\">Densit\u00e0 specifiche per camper e imbarcazioni<\/h3>\n\n\n\n<div class=\"wp-block-columns is-layout-flex wp-container-core-columns-layout-1 wp-block-columns-is-layout-flex\">\n<div class=\"wp-block-column is-layout-flow wp-block-column-is-layout-flow\">\n<p class=\"has-medium-font-size\">Gommapiuma per imbarcazioni<\/p>\n\n\n\n<p class=\"has-medium-font-size\">La gommapiuma con densit\u00e0 30 K o cellule chiuse \u00e8 raccomandata per cuscini e materassi, garantendo consistenza anche con spessori minori di 10 cm.<\/p>\n<\/div>\n\n\n\n<div class=\"wp-block-column is-layout-flow wp-block-column-is-layout-flow\">\n<p class=\"has-medium-font-size\">Materassi per camper<\/p>\n\n\n\n<p class=\"has-medium-font-size\">La nostra gommapiuma rappresenta la soluzione ideale per tutte le esigenze di rinnovamento o personalizzazione del tuo camper.<\/p>\n\n\n\n<p><\/p>\n<\/div>\n<\/div>\n\n\n\n<div class=\"wp-block-columns is-layout-flex wp-container-core-columns-layout-2 wp-block-columns-is-layout-flex\">\n<div class=\"wp-block-column is-layout-flow wp-block-column-is-layout-flow\">\n<figure class=\"wp-block-image alignleft size-large is-resized\"><img loading=\"lazy\" decoding=\"async\" width=\"768\" height=\"1024\" src=\"https:\/\/gommapiuma.eu\/wp-content\/uploads\/2024\/11\/blocchi-gommapiuma1-768x1024.jpg\" alt=\"taglio lastre\" class=\"wp-image-1267\" style=\"width:250px\" srcset=\"https:\/\/gommapiuma.eu\/wp-content\/uploads\/2024\/11\/blocchi-gommapiuma1-768x1024.jpg 768w, https:\/\/gommapiuma.eu\/wp-content\/uploads\/2024\/11\/blocchi-gommapiuma1-225x300.jpg 225w, https:\/\/gommapiuma.eu\/wp-content\/uploads\/2024\/11\/blocchi-gommapiuma1-1152x1536.jpg 1152w, https:\/\/gommapiuma.eu\/wp-content\/uploads\/2024\/11\/blocchi-gommapiuma1-1536x2048.jpg 1536w, https:\/\/gommapiuma.eu\/wp-content\/uploads\/2024\/11\/blocchi-gommapiuma1-scaled.jpg 1920w\" sizes=\"(max-width: 768px) 100vw, 768px\" \/><\/figure>\n<\/div>\n\n\n\n<div class=\"wp-block-column is-layout-flow wp-block-column-is-layout-flow\">\n<p class=\"has-medium-font-size\">Taglio blocchi personalizzato .<\/p>\n\n\n\n<p class=\"has-medium-font-size\">Oltre lastre gommapiuma alta densit\u00e0 per divano lato seduta sono disponibili blocchi della 30 kg\/m3 elastica per sostenere pesi anche notevoli, non trasmettendo sensazione di rigidezza.<\/p>\n\n\n\n<p class=\"has-medium-font-size\">Per necessit\u00e0 maggiori, per esempio settore imbarcazioni suggeriamo la linea K. Una gommapiuma assolutamente rigida equivalente quasi alla cellula chiusa, con una portanza maggiore della 40 kg\/m3. <\/p>\n<\/div>\n<\/div>\n\n\n\n<h4 class=\"wp-block-heading has-medium-font-size\">Quale gommapiuma per cuscini da esterno ?<\/h4>\n\n\n\n<p class=\"has-medium-font-size\">L&#8217;uso della gommapiuma per gazebo, panche, poltrone, materassini non supera una densit\u00e0 25 kg\/m3, in generale oscilla tra la 16 e la 21 kg\/m3. Il nostro assortimento di gommapiuma \u00e8 la risposta alle esigenze della clientela che richiede un prodotto superiore: bassa assorbenza, alt\u00e0 idrorepellenza (significa una maggiore resistenza alla penetrazione dell&#8217;acqua ), maggiore indice di resistenza in confronto alla gommapiuma d&#8217;uso corrente (un ritardo del 40% in una eventuale combustione). <\/p>\n\n\n\n<p class=\"has-medium-font-size\">Tante caratteristiche per scegliere la nostra gommapiuma  per le vostre necessit\u00e0 di imbottiture. Dal lancio di nuove tipologie di gommapiuma in alta densit\u00e0 abbiamo una soddisfazione da parte della clientela del 100%. Contattateci per ogni vostra necessit\u00e0. <\/p>\n\n\n\n<div class=\"wp-block-contact-form-7-contact-form-selector\">\n<div class=\"wpcf7 no-js\" id=\"wpcf7-f1064-o1\" lang=\"it-IT\" dir=\"ltr\">\n<div class=\"screen-reader-response\"><p role=\"status\" aria-live=\"polite\" aria-atomic=\"true\"><\/p> <ul><\/ul><\/div>\n<form action=\"\/index.php\/wp-json\/wp\/v2\/pages\/903#wpcf7-f1064-o1\" method=\"post\" class=\"wpcf7-form init\" aria-label=\"Modulo di contatto\" novalidate=\"novalidate\" data-status=\"init\">\n<div style=\"display: none;\">\n<input type=\"hidden\" name=\"_wpcf7\" value=\"1064\" \/>\n<input type=\"hidden\" name=\"_wpcf7_version\" value=\"5.9.8\" \/>\n<input type=\"hidden\" name=\"_wpcf7_locale\" value=\"it_IT\" \/>\n<input type=\"hidden\" name=\"_wpcf7_unit_tag\" value=\"wpcf7-f1064-o1\" \/>\n<input type=\"hidden\" name=\"_wpcf7_container_post\" value=\"0\" \/>\n<input type=\"hidden\" name=\"_wpcf7_posted_data_hash\" value=\"\" \/>\n<\/div>\n<p><label> Il tuo nome<br \/>\n<span class=\"wpcf7-form-control-wrap\" data-name=\"your-name\"><input size=\"40\" maxlength=\"400\" class=\"wpcf7-form-control wpcf7-text wpcf7-validates-as-required\" autocomplete=\"name\" aria-required=\"true\" aria-invalid=\"false\" value=\"\" type=\"text\" name=\"your-name\" \/><\/span> <\/label>\n<\/p>\n<p><label> La tua email<br \/>\n<span class=\"wpcf7-form-control-wrap\" data-name=\"your-email\"><input size=\"40\" maxlength=\"400\" class=\"wpcf7-form-control wpcf7-email wpcf7-validates-as-required wpcf7-text wpcf7-validates-as-email\" autocomplete=\"email\" aria-required=\"true\" aria-invalid=\"false\" value=\"\" type=\"email\" name=\"your-email\" \/><\/span> <\/label>\n<\/p>\n<p><label> Oggetto<br \/>\n<span class=\"wpcf7-form-control-wrap\" data-name=\"your-subject\"><input size=\"40\" maxlength=\"400\" class=\"wpcf7-form-control wpcf7-text wpcf7-validates-as-required\" aria-required=\"true\" aria-invalid=\"false\" value=\"\" type=\"text\" name=\"your-subject\" \/><\/span> <\/label>\n<\/p>\n<p><label> Il tuo messaggio (facoltativo)<br \/>\n<span class=\"wpcf7-form-control-wrap\" data-name=\"your-message\"><textarea cols=\"40\" rows=\"10\" maxlength=\"2000\" class=\"wpcf7-form-control wpcf7-textarea\" aria-invalid=\"false\" name=\"your-message\"><\/textarea><\/span> <\/label>\n<\/p>\n<p><input class=\"wpcf7-form-control wpcf7-submit has-spinner\" type=\"submit\" value=\"Invia\" \/><br \/>\n<span class=\"wpcf7-form-control-wrap\" data-name=\"acceptance-174\"><span class=\"wpcf7-form-control wpcf7-acceptance optional\"><span class=\"wpcf7-list-item\"><input type=\"checkbox\" name=\"acceptance-174\" value=\"1\" aria-invalid=\"false\" \/><\/span><\/span><\/span>\n<\/p><div class=\"wpcf7-response-output\" aria-hidden=\"true\"><\/div>\n<\/form>\n<\/div>\n<\/div>\n\n\n\n<p>Tel. 3207633488 <\/p>\n\n\n\n<p class=\"has-medium-font-size\">gommapiumaeu@gmail.com Per informazioni e richieste <\/p>\n","protected":false},"excerpt":{"rendered":"<p>Per noi di gommapiuma.eu l&#8217;innovazione \u00e8 ricerca rappresenta una missione. Presentiamo ultima novit\u00e0 relativa alla gommapiuma in alta densit\u00e0. Disponiamo densit\u00e0 30 kg\/m3 superiore a tutte le densit\u00e0 prodotte e commercializzate. Compatta e rigida si presta a varie applicazioni. Densit\u00e0 Cuscini Per la clientela che desidera una gommapiuma alta densit\u00e0 per imbottiture e divani in [&hellip;]<\/p>\n","protected":false},"author":1,"featured_media":0,"parent":0,"menu_order":0,"comment_status":"closed","ping_status":"closed","template":"","meta":{"site-sidebar-layout":"default","site-content-layout":"","ast-site-content-layout":"","site-content-style":"default","site-sidebar-style":"default","ast-global-header-display":"","ast-banner-title-visibility":"","ast-main-header-display":"","ast-hfb-above-header-display":"","ast-hfb-below-header-display":"","ast-hfb-mobile-header-display":"","site-post-title":"","ast-breadcrumbs-content":"","ast-featured-img":"","footer-sml-layout":"","theme-transparent-header-meta":"","adv-header-id-meta":"","stick-header-meta":"","header-above-stick-meta":"","header-main-stick-meta":"","header-below-stick-meta":"","astra-migrate-meta-layouts":"default","ast-page-background-enabled":"default","ast-page-background-meta":{"desktop":{"background-color":"var(--ast-global-color-4)","background-image":"","background-repeat":"repeat","background-position":"center center","background-size":"auto","background-attachment":"scroll","background-type":"","background-media":"","overlay-type":"","overlay-color":"","overlay-opacity":"","overlay-gradient":""},"tablet":{"background-color":"","background-image":"","background-repeat":"repeat","background-position":"center center","background-size":"auto","background-attachment":"scroll","background-type":"","background-media":"","overlay-type":"","overlay-color":"","overlay-opacity":"","overlay-gradient":""},"mobile":{"background-color":"","background-image":"","background-repeat":"repeat","background-position":"center center","background-size":"auto","background-attachment":"scroll","background-type":"","background-media":"","overlay-type":"","overlay-color":"","overlay-opacity":"","overlay-gradient":""}},"ast-content-background-meta":{"desktop":{"background-color":"var(--ast-global-color-5)","background-image":"","background-repeat":"repeat","background-position":"center center","background-size":"auto","background-attachment":"scroll","background-type":"","background-media":"","overlay-type":"","overlay-color":"","overlay-opacity":"","overlay-gradient":""},"tablet":{"background-color":"var(--ast-global-color-5)","background-image":"","background-repeat":"repeat","background-position":"center center","background-size":"auto","background-attachment":"scroll","background-type":"","background-media":"","overlay-type":"","overlay-color":"","overlay-opacity":"","overlay-gradient":""},"mobile":{"background-color":"var(--ast-global-color-5)","background-image":"","background-repeat":"repeat","background-position":"center center","background-size":"auto","background-attachment":"scroll","background-type":"","background-media":"","overlay-type":"","overlay-color":"","overlay-opacity":"","overlay-gradient":""}},"footnotes":""},"yoast_head":"<!-- This site is optimized with the Yoast SEO plugin v23.5 - https:\/\/yoast.com\/wordpress\/plugins\/seo\/ -->\n<title>Gommapiuma alta densit\u00e0 - Gommapiuma.eu<\/title>\n<meta name=\"description\" content=\"l&#039;ultima generazione di gommapiuma alta densit\u00e0, compatta e consistente per cuscini e applicazioni dove necessit\u00e0 gommapiuma rigida.\" \/>\n<meta name=\"robots\" content=\"index, follow, max-snippet:-1, max-image-preview:large, max-video-preview:-1\" \/>\n<link rel=\"canonical\" href=\"https:\/\/gommapiuma.eu\/index.php\/gommapiuma-alta-densita\/\" \/>\n<meta property=\"og:locale\" content=\"it_IT\" \/>\n<meta property=\"og:type\" content=\"article\" \/>\n<meta property=\"og:title\" content=\"Gommapiuma alta densit\u00e0 - Gommapiuma.eu\" \/>\n<meta property=\"og:description\" content=\"l&#039;ultima generazione di gommapiuma alta densit\u00e0, compatta e consistente per cuscini e applicazioni dove necessit\u00e0 gommapiuma rigida.\" \/>\n<meta property=\"og:url\" content=\"https:\/\/gommapiuma.eu\/index.php\/gommapiuma-alta-densita\/\" \/>\n<meta property=\"og:site_name\" content=\"Gommapiuma.eu\" \/>\n<meta property=\"article:modified_time\" content=\"2025-02-06T06:58:40+00:00\" \/>\n<meta property=\"og:image\" content=\"https:\/\/gommapiuma.eu\/wp-content\/uploads\/2023\/03\/gommapiuma-per-divani.jpg\" \/>\n<meta name=\"twitter:card\" content=\"summary_large_image\" \/>\n<meta name=\"twitter:label1\" content=\"Tempo di lettura stimato\" \/>\n\t<meta name=\"twitter:data1\" content=\"3 minuti\" \/>\n<script type=\"application\/ld+json\" class=\"yoast-schema-graph\">{\"@context\":\"https:\/\/schema.org\",\"@graph\":[{\"@type\":\"WebPage\",\"@id\":\"https:\/\/gommapiuma.eu\/index.php\/gommapiuma-alta-densita\/\",\"url\":\"https:\/\/gommapiuma.eu\/index.php\/gommapiuma-alta-densita\/\",\"name\":\"Gommapiuma alta densit\u00e0 - Gommapiuma.eu\",\"isPartOf\":{\"@id\":\"https:\/\/gommapiuma.eu\/#website\"},\"primaryImageOfPage\":{\"@id\":\"https:\/\/gommapiuma.eu\/index.php\/gommapiuma-alta-densita\/#primaryimage\"},\"image\":{\"@id\":\"https:\/\/gommapiuma.eu\/index.php\/gommapiuma-alta-densita\/#primaryimage\"},\"thumbnailUrl\":\"https:\/\/gommapiuma.eu\/wp-content\/uploads\/2023\/03\/gommapiuma-per-divani.jpg\",\"datePublished\":\"2023-03-07T07:45:06+00:00\",\"dateModified\":\"2025-02-06T06:58:40+00:00\",\"description\":\"l'ultima generazione di gommapiuma alta densit\u00e0, compatta e consistente per cuscini e applicazioni dove necessit\u00e0 gommapiuma rigida.\",\"breadcrumb\":{\"@id\":\"https:\/\/gommapiuma.eu\/index.php\/gommapiuma-alta-densita\/#breadcrumb\"},\"inLanguage\":\"it-IT\",\"potentialAction\":[{\"@type\":\"ReadAction\",\"target\":[\"https:\/\/gommapiuma.eu\/index.php\/gommapiuma-alta-densita\/\"]}]},{\"@type\":\"ImageObject\",\"inLanguage\":\"it-IT\",\"@id\":\"https:\/\/gommapiuma.eu\/index.php\/gommapiuma-alta-densita\/#primaryimage\",\"url\":\"https:\/\/gommapiuma.eu\/wp-content\/uploads\/2023\/03\/gommapiuma-per-divani.jpg\",\"contentUrl\":\"https:\/\/gommapiuma.eu\/wp-content\/uploads\/2023\/03\/gommapiuma-per-divani.jpg\",\"width\":1024,\"height\":878,\"caption\":\"gommapiuma per divani\"},{\"@type\":\"BreadcrumbList\",\"@id\":\"https:\/\/gommapiuma.eu\/index.php\/gommapiuma-alta-densita\/#breadcrumb\",\"itemListElement\":[{\"@type\":\"ListItem\",\"position\":1,\"name\":\"Home\",\"item\":\"https:\/\/gommapiuma.eu\/\"},{\"@type\":\"ListItem\",\"position\":2,\"name\":\"Gommapiuma alta densit\u00e0\"}]},{\"@type\":\"WebSite\",\"@id\":\"https:\/\/gommapiuma.eu\/#website\",\"url\":\"https:\/\/gommapiuma.eu\/\",\"name\":\"Gommapiuma per cuscini e divani\",\"description\":\"Gommapiuma per tappezzeria. Spalliere o cuscini in gommapiuma per divani sono le nostre esecuzioni quotidiane per il confort della vostra casa.\",\"publisher\":{\"@id\":\"https:\/\/gommapiuma.eu\/#organization\"},\"potentialAction\":[{\"@type\":\"SearchAction\",\"target\":{\"@type\":\"EntryPoint\",\"urlTemplate\":\"https:\/\/gommapiuma.eu\/?s={search_term_string}\"},\"query-input\":{\"@type\":\"PropertyValueSpecification\",\"valueRequired\":true,\"valueName\":\"search_term_string\"}}],\"inLanguage\":\"it-IT\"},{\"@type\":\"Organization\",\"@id\":\"https:\/\/gommapiuma.eu\/#organization\",\"name\":\"gommapiuma.eu\",\"url\":\"https:\/\/gommapiuma.eu\/\",\"logo\":{\"@type\":\"ImageObject\",\"inLanguage\":\"it-IT\",\"@id\":\"https:\/\/gommapiuma.eu\/#\/schema\/logo\/image\/\",\"url\":\"https:\/\/gommapiuma.eu\/wp-content\/uploads\/2022\/01\/cropped-densita-gommapiuma-1.jpg\",\"contentUrl\":\"https:\/\/gommapiuma.eu\/wp-content\/uploads\/2022\/01\/cropped-densita-gommapiuma-1.jpg\",\"width\":1236,\"height\":520,\"caption\":\"gommapiuma.eu\"},\"image\":{\"@id\":\"https:\/\/gommapiuma.eu\/#\/schema\/logo\/image\/\"}}]}<\/script>\n<!-- \/ Yoast SEO plugin. -->","yoast_head_json":{"title":"Gommapiuma alta densit\u00e0 - Gommapiuma.eu","description":"l'ultima generazione di gommapiuma alta densit\u00e0, compatta e consistente per cuscini e applicazioni dove necessit\u00e0 gommapiuma rigida.","robots":{"index":"index","follow":"follow","max-snippet":"max-snippet:-1","max-image-preview":"max-image-preview:large","max-video-preview":"max-video-preview:-1"},"canonical":"https:\/\/gommapiuma.eu\/index.php\/gommapiuma-alta-densita\/","og_locale":"it_IT","og_type":"article","og_title":"Gommapiuma alta densit\u00e0 - Gommapiuma.eu","og_description":"l'ultima generazione di gommapiuma alta densit\u00e0, compatta e consistente per cuscini e applicazioni dove necessit\u00e0 gommapiuma rigida.","og_url":"https:\/\/gommapiuma.eu\/index.php\/gommapiuma-alta-densita\/","og_site_name":"Gommapiuma.eu","article_modified_time":"2025-02-06T06:58:40+00:00","og_image":[{"url":"https:\/\/gommapiuma.eu\/wp-content\/uploads\/2023\/03\/gommapiuma-per-divani.jpg"}],"twitter_card":"summary_large_image","twitter_misc":{"Tempo di lettura stimato":"3 minuti"},"schema":{"@context":"https:\/\/schema.org","@graph":[{"@type":"WebPage","@id":"https:\/\/gommapiuma.eu\/index.php\/gommapiuma-alta-densita\/","url":"https:\/\/gommapiuma.eu\/index.php\/gommapiuma-alta-densita\/","name":"Gommapiuma alta densit\u00e0 - Gommapiuma.eu","isPartOf":{"@id":"https:\/\/gommapiuma.eu\/#website"},"primaryImageOfPage":{"@id":"https:\/\/gommapiuma.eu\/index.php\/gommapiuma-alta-densita\/#primaryimage"},"image":{"@id":"https:\/\/gommapiuma.eu\/index.php\/gommapiuma-alta-densita\/#primaryimage"},"thumbnailUrl":"https:\/\/gommapiuma.eu\/wp-content\/uploads\/2023\/03\/gommapiuma-per-divani.jpg","datePublished":"2023-03-07T07:45:06+00:00","dateModified":"2025-02-06T06:58:40+00:00","description":"l'ultima generazione di gommapiuma alta densit\u00e0, compatta e consistente per cuscini e applicazioni dove necessit\u00e0 gommapiuma rigida.","breadcrumb":{"@id":"https:\/\/gommapiuma.eu\/index.php\/gommapiuma-alta-densita\/#breadcrumb"},"inLanguage":"it-IT","potentialAction":[{"@type":"ReadAction","target":["https:\/\/gommapiuma.eu\/index.php\/gommapiuma-alta-densita\/"]}]},{"@type":"ImageObject","inLanguage":"it-IT","@id":"https:\/\/gommapiuma.eu\/index.php\/gommapiuma-alta-densita\/#primaryimage","url":"https:\/\/gommapiuma.eu\/wp-content\/uploads\/2023\/03\/gommapiuma-per-divani.jpg","contentUrl":"https:\/\/gommapiuma.eu\/wp-content\/uploads\/2023\/03\/gommapiuma-per-divani.jpg","width":1024,"height":878,"caption":"gommapiuma per divani"},{"@type":"BreadcrumbList","@id":"https:\/\/gommapiuma.eu\/index.php\/gommapiuma-alta-densita\/#breadcrumb","itemListElement":[{"@type":"ListItem","position":1,"name":"Home","item":"https:\/\/gommapiuma.eu\/"},{"@type":"ListItem","position":2,"name":"Gommapiuma alta densit\u00e0"}]},{"@type":"WebSite","@id":"https:\/\/gommapiuma.eu\/#website","url":"https:\/\/gommapiuma.eu\/","name":"Gommapiuma per cuscini e divani","description":"Gommapiuma per tappezzeria. Spalliere o cuscini in gommapiuma per divani sono le nostre esecuzioni quotidiane per il confort della vostra casa.","publisher":{"@id":"https:\/\/gommapiuma.eu\/#organization"},"potentialAction":[{"@type":"SearchAction","target":{"@type":"EntryPoint","urlTemplate":"https:\/\/gommapiuma.eu\/?s={search_term_string}"},"query-input":{"@type":"PropertyValueSpecification","valueRequired":true,"valueName":"search_term_string"}}],"inLanguage":"it-IT"},{"@type":"Organization","@id":"https:\/\/gommapiuma.eu\/#organization","name":"gommapiuma.eu","url":"https:\/\/gommapiuma.eu\/","logo":{"@type":"ImageObject","inLanguage":"it-IT","@id":"https:\/\/gommapiuma.eu\/#\/schema\/logo\/image\/","url":"https:\/\/gommapiuma.eu\/wp-content\/uploads\/2022\/01\/cropped-densita-gommapiuma-1.jpg","contentUrl":"https:\/\/gommapiuma.eu\/wp-content\/uploads\/2022\/01\/cropped-densita-gommapiuma-1.jpg","width":1236,"height":520,"caption":"gommapiuma.eu"},"image":{"@id":"https:\/\/gommapiuma.eu\/#\/schema\/logo\/image\/"}}]}},"_links":{"self":[{"href":"https:\/\/gommapiuma.eu\/index.php\/wp-json\/wp\/v2\/pages\/903"}],"collection":[{"href":"https:\/\/gommapiuma.eu\/index.php\/wp-json\/wp\/v2\/pages"}],"about":[{"href":"https:\/\/gommapiuma.eu\/index.php\/wp-json\/wp\/v2\/types\/page"}],"author":[{"embeddable":true,"href":"https:\/\/gommapiuma.eu\/index.php\/wp-json\/wp\/v2\/users\/1"}],"replies":[{"embeddable":true,"href":"https:\/\/gommapiuma.eu\/index.php\/wp-json\/wp\/v2\/comments?post=903"}],"version-history":[{"count":30,"href":"https:\/\/gommapiuma.eu\/index.php\/wp-json\/wp\/v2\/pages\/903\/revisions"}],"predecessor-version":[{"id":1567,"href":"https:\/\/gommapiuma.eu\/index.php\/wp-json\/wp\/v2\/pages\/903\/revisions\/1567"}],"wp:attachment":[{"href":"https:\/\/gommapiuma.eu\/index.php\/wp-json\/wp\/v2\/media?parent=903"}],"curies":[{"name":"wp","href":"https:\/\/api.w.org\/{rel}","templated":true}]}}