{"id":8,"date":"2016-02-24T21:55:37","date_gmt":"2016-02-24T20:55:37","guid":{"rendered":"http:\/\/gommapiuma.eu\/?page_id=8"},"modified":"2025-02-06T08:17:57","modified_gmt":"2025-02-06T07:17:57","slug":"vendita-gommapiuma-per-divani","status":"publish","type":"page","link":"https:\/\/gommapiuma.eu\/","title":{"rendered":"Vendita gommapiuma"},"content":{"rendered":"\n<h2 class=\"wp-block-heading has-medium-font-size\">lastre gommapiuma e imbottiture personalizzate <\/h2>\n\n\n\n<p><span style=\"font-size: 14pt;\">Produzioni e vendita gommapiuma per divani e <a href=\"https:\/\/gommapiuma.eu\/index.php\/2018\/05\/16\/gommapiuma-per-cuscini\/\">cuscini<\/a> in stile moderno o classico, lineare o forme non uniformi.<\/span><\/p>\n\n\n\n<div class=\"wp-block-columns is-layout-flex wp-container-core-columns-layout-1 wp-block-columns-is-layout-flex\">\n<div class=\"wp-block-column is-layout-flow wp-block-column-is-layout-flow\">\n<figure class=\"wp-block-image size-large\"><img loading=\"lazy\" decoding=\"async\" width=\"1024\" height=\"572\" src=\"https:\/\/gommapiuma.eu\/wp-content\/uploads\/2019\/05\/gommapiuma-cuscino-1-1024x572.jpg\" alt=\"gommapiuma per cuscini da divano\" class=\"wp-image-313\" srcset=\"https:\/\/gommapiuma.eu\/wp-content\/uploads\/2019\/05\/gommapiuma-cuscino-1-1024x572.jpg 1024w, https:\/\/gommapiuma.eu\/wp-content\/uploads\/2019\/05\/gommapiuma-cuscino-1-300x168.jpg 300w, https:\/\/gommapiuma.eu\/wp-content\/uploads\/2019\/05\/gommapiuma-cuscino-1-768x429.jpg 768w, https:\/\/gommapiuma.eu\/wp-content\/uploads\/2019\/05\/gommapiuma-cuscino-1.jpg 1148w\" sizes=\"(max-width: 1024px) 100vw, 1024px\" \/><\/figure>\n<\/div>\n\n\n\n<div class=\"wp-block-column is-layout-flow wp-block-column-is-layout-flow\">\n<p class=\"has-medium-font-size\">Gommapiuma spalliere e cuscini<\/p>\n\n\n\n<p class=\"has-medium-font-size\">Repliche in spugna e gomma per spalliere e cuscini da divano e salotti. Vendiamo gommapiuma per cuscini d&#8217;arredamento esterno e interni, seguendo con precisione il progetto fornito dalla clientela.<\/p>\n<\/div>\n<\/div>\n\n\n\n<p class=\"has-medium-font-size\"><span style=\"font-size: 14pt;\"> La vendita gommapiuma per divano \u00e8 prodotta in equilibrate densit\u00e0 secondo spessore e perimetro richiesto.<\/span><\/p>\n\n\n\n<h3 class=\"wp-block-heading has-medium-font-size\">Misure gommapiuma per sedute comuni:<\/h3>\n\n\n\n<div class=\"wp-block-columns is-layout-flex wp-container-core-columns-layout-2 wp-block-columns-is-layout-flex\">\n<div class=\"wp-block-column is-layout-flow wp-block-column-is-layout-flow\">\n<figure class=\"wp-block-image size-full is-resized\"><img loading=\"lazy\" decoding=\"async\" width=\"1024\" height=\"1024\" src=\"https:\/\/gommapiuma.eu\/wp-content\/uploads\/2024\/12\/imbottiture-divano.jpeg\" alt=\"imbottiture per divani\" class=\"wp-image-1345\" style=\"aspect-ratio:1;object-fit:cover;width:400px\" srcset=\"https:\/\/gommapiuma.eu\/wp-content\/uploads\/2024\/12\/imbottiture-divano.jpeg 1024w, https:\/\/gommapiuma.eu\/wp-content\/uploads\/2024\/12\/imbottiture-divano-300x300.jpeg 300w, https:\/\/gommapiuma.eu\/wp-content\/uploads\/2024\/12\/imbottiture-divano-150x150.jpeg 150w, https:\/\/gommapiuma.eu\/wp-content\/uploads\/2024\/12\/imbottiture-divano-768x768.jpeg 768w\" sizes=\"(max-width: 1024px) 100vw, 1024px\" \/><\/figure>\n<\/div>\n\n\n\n<div class=\"wp-block-column is-layout-flow wp-block-column-is-layout-flow\">\n<p class=\"has-medium-font-size\">Vendita Imbottiture per divani<\/p>\n\n\n\n<p class=\"has-medium-font-size\">50&#215;55 cm spessori&nbsp; prodotti tra 8 cm e 12 cm.<\/p>\n\n\n\n<p class=\"has-medium-font-size\">&nbsp;55&#215;60 cm disponibili con spessori 10 e 12 cm&nbsp;<\/p>\n\n\n\n<p class=\"has-medium-font-size\">58&#215;58 cm spessore realizzabile 12 cm e 14 cm<\/p>\n\n\n\n<p class=\"has-medium-font-size\">60&#215;64 cm prodotte da 10 cm sino a 15 cm. di spessore.<\/p>\n\n\n\n<p class=\"has-medium-font-size\">offriamo opzioni di personalizzazione delle misure per le vostre necessit\u00e0 di <a href=\"https:\/\/gommapiuma.eu\/index.php\/2016\/02\/26\/gommapiuma-per-tappezzeria\/\">tappezzeria<\/a> <\/p>\n<\/div>\n<\/div>\n\n\n\n<p class=\"has-medium-font-size\">Misure e spessori indicati sono le comuni misure dei cuscini per divani, naturalmente \u00e8 possibile richiedere sagome gommapiuma con perimetri e spessori diversi. Per ricostruire a nuovo le imbottiture di un divano \u00e8 necessario rispettare misure originarie della gommapiuma.<\/p>\n\n\n\n<p>Email: <span style=\"font-size: 14pt;\"><strong>gommapiumaeu@gmail.com<\/strong><\/span><\/p>\n\n\n\n<p><strong>Nostre produzioni imbottiture di gommapiuma:<\/strong><\/p>\n\n\n\n<div class=\"wp-block-columns is-layout-flex wp-container-core-columns-layout-3 wp-block-columns-is-layout-flex\">\n<div class=\"wp-block-column is-layout-flow wp-block-column-is-layout-flow\">\n<figure class=\"wp-block-image size-medium is-resized\"><img loading=\"lazy\" decoding=\"async\" width=\"225\" height=\"300\" src=\"https:\/\/gommapiuma.eu\/wp-content\/uploads\/2024\/12\/gomma-piuma-da-giardino-225x300.jpg\" alt=\"gommapiuma cuscini esterni\" class=\"wp-image-1346\" style=\"aspect-ratio:1;object-fit:cover;width:379px;height:auto\" srcset=\"https:\/\/gommapiuma.eu\/wp-content\/uploads\/2024\/12\/gomma-piuma-da-giardino-225x300.jpg 225w, https:\/\/gommapiuma.eu\/wp-content\/uploads\/2024\/12\/gomma-piuma-da-giardino-768x1024.jpg 768w, https:\/\/gommapiuma.eu\/wp-content\/uploads\/2024\/12\/gomma-piuma-da-giardino-1152x1536.jpg 1152w, https:\/\/gommapiuma.eu\/wp-content\/uploads\/2024\/12\/gomma-piuma-da-giardino-1536x2048.jpg 1536w, https:\/\/gommapiuma.eu\/wp-content\/uploads\/2024\/12\/gomma-piuma-da-giardino.jpg 1920w\" sizes=\"(max-width: 225px) 100vw, 225px\" \/><\/figure>\n<\/div>\n\n\n\n<div class=\"wp-block-column is-layout-flow wp-block-column-is-layout-flow\">\n<p class=\"has-medium-font-size\"> Vendita gommapiuma per esterni<\/p>\n\n\n\n<p><span style=\"font-size: 14pt;\">imbottiture cuscini per dondolo<\/span><\/p>\n\n\n\n<p><span style=\"font-size: 14pt;\">Gommapiuma prodotta per imbottiture soffici<\/span><\/p>\n\n\n\n<p class=\"has-medium-font-size\">e cuscini d&#8217;arredamento<\/p>\n\n\n\n<p class=\"has-medium-font-size\">Gommapiuma da brico.<\/p>\n\n\n\n<p class=\"has-medium-font-size\">La gommapiuma viene fornita con tagli personalizzati oppure al metro quadrato in varie <a href=\"https:\/\/gommapiuma.eu\/index.php\/2022\/01\/07\/gommapiuma_densita_30\/\">densit\u00e0<\/a><\/p>\n<\/div>\n<\/div>\n\n\n\n<h3 class=\"wp-block-heading has-medium-font-size\">Lastre gommapiuma da 70&#215;190 cm. e 80&#215;200 cm <\/h3>\n\n\n\n<div class=\"wp-block-columns is-layout-flex wp-container-core-columns-layout-4 wp-block-columns-is-layout-flex\">\n<div class=\"wp-block-column is-layout-flow wp-block-column-is-layout-flow\">\n<figure class=\"wp-block-image size-large is-resized\"><img loading=\"lazy\" decoding=\"async\" width=\"768\" height=\"1024\" src=\"https:\/\/gommapiuma.eu\/wp-content\/uploads\/2018\/05\/gomma-piuma-cuscini-768x1024.jpg\" alt=\"gommapiuma per sedie\" class=\"wp-image-217\" style=\"aspect-ratio:1;object-fit:cover;width:388px;height:auto\" srcset=\"https:\/\/gommapiuma.eu\/wp-content\/uploads\/2018\/05\/gomma-piuma-cuscini-768x1024.jpg 768w, https:\/\/gommapiuma.eu\/wp-content\/uploads\/2018\/05\/gomma-piuma-cuscini-225x300.jpg 225w, https:\/\/gommapiuma.eu\/wp-content\/uploads\/2018\/05\/gomma-piuma-cuscini.jpg 820w\" sizes=\"(max-width: 768px) 100vw, 768px\" \/><figcaption class=\"wp-element-caption\">gommapiuma cuscini<\/figcaption><\/figure>\n<\/div>\n\n\n\n<div class=\"wp-block-column is-layout-flow wp-block-column-is-layout-flow\">\n<p class=\"has-medium-font-size\">Gommapiuma per cuscini da sedia.<\/p>\n\n\n\n<p class=\"has-medium-font-size\">Imbottiture quadrate per poltrone<\/p>\n\n\n\n<p class=\"has-medium-font-size\">La nostra vendita di gommapiuma comprende tutte le lavorazioni di taglio per creare lastre in gommapiuma sia per testiere letto o imbottiture cuscini<\/p>\n<\/div>\n<\/div>\n\n\n\n<p class=\"has-medium-font-size\">Parametri per scegliere quale imbottitura realizzare per un divano sono:<\/p>\n\n\n\n<p class=\"has-medium-font-size\">Densit\u00e0. Viene misurato in chilogrammi con la formula Kg\/m3 maggiore \u00e8 il numero pi\u00f9 alta \u00e8 la compattezza della gommapiuma. Resistendo nel tempo la sua forma.<\/p>\n\n\n\n<p class=\"has-medium-font-size\">Rapporto compressione. Indicato con la sigla Kpa, questo valore indica la forza necessaria per comprimere uno strato di gommapiuma fino al 40% di spessore. Piu alto e questo parametro pi\u00f9 duro \u00e8 il materiale e la sua durata.<\/p>\n\n\n\n<p class=\"has-medium-font-size\">Elasticit\u00e0. Il test di elasticit\u00e0 stabilisce ritorno nella sua forma originaria. Maggiore \u00e8 il ritorno pi\u00f9 confortevole risulter\u00e0 un cuscino per divano.<\/p>\n\n\n\n<p class=\"has-medium-font-size\">Deformazione permanente. E il parametro che consente di valutare la capacit\u00e0 di un taglio di gommapiuma di mantenere la sua forma. Pi\u00f9 basso \u00e8 indice di deformazione, meglio \u00e8. Blocchi di gommapiuma con elevate deformazioni non vengono utilizzati per l&#8217;imbottitura dei divani.&nbsp;<\/p>\n\n\n\n<p><span style=\"font-size: 14pt;\">I nostri uffici di consulenza ed assistenza, offrono un servizio qualificato per l&#8217;intero comparto dell&#8217;arredo casa.<\/span><\/p>\n\n\n\n<p class=\"has-medium-font-size\">Tel. 32 07633 488 ore 9-12.30 &#8211; ore 16.30 &#8211; 19.30<\/p>\n\n\n\n<h3 class=\"wp-block-heading has-medium-font-size\"><strong>Nostre produzioni imbottiture in&nbsp; gommapiuma:<\/strong><\/h3>\n\n\n\n<p class=\"has-medium-font-size\">Vendita lastre gommapiuma<\/p>\n\n\n\n<div class=\"wp-block-columns is-layout-flex wp-container-core-columns-layout-5 wp-block-columns-is-layout-flex\">\n<div class=\"wp-block-column is-layout-flow wp-block-column-is-layout-flow\">\n<figure class=\"wp-block-image size-full\"><img loading=\"lazy\" decoding=\"async\" width=\"1019\" height=\"465\" src=\"https:\/\/gommapiuma.eu\/wp-content\/uploads\/2019\/05\/gomma-piuma-1.jpg\" alt=\"gommapiuma divani\" class=\"wp-image-314\" srcset=\"https:\/\/gommapiuma.eu\/wp-content\/uploads\/2019\/05\/gomma-piuma-1.jpg 1019w, https:\/\/gommapiuma.eu\/wp-content\/uploads\/2019\/05\/gomma-piuma-1-300x137.jpg 300w, https:\/\/gommapiuma.eu\/wp-content\/uploads\/2019\/05\/gomma-piuma-1-768x350.jpg 768w\" sizes=\"(max-width: 1019px) 100vw, 1019px\" \/><\/figure>\n<\/div>\n\n\n\n<div class=\"wp-block-column is-layout-flow wp-block-column-is-layout-flow\">\n<p>Lavori di tappezzeria<\/p>\n\n\n\n<p class=\"has-medium-font-size\">Cuscini per divano, disponibili in diverse densit\u00e0 di gommapiuma, adattabili alle dimensioni specifiche del perimetro per un rinnovamento ideale del vostro divano.<\/p>\n<\/div>\n<\/div>\n\n\n\n<div class=\"wp-block-columns is-layout-flex wp-container-core-columns-layout-6 wp-block-columns-is-layout-flex\">\n<div class=\"wp-block-column is-layout-flow wp-block-column-is-layout-flow\">\n<figure class=\"wp-block-image size-large\"><img loading=\"lazy\" decoding=\"async\" width=\"1024\" height=\"576\" src=\"https:\/\/gommapiuma.eu\/wp-content\/uploads\/2019\/05\/gommapiuma-cuscini-1-1024x576.jpg\" alt=\"tappezzeria per cuscini\" class=\"wp-image-315\" srcset=\"https:\/\/gommapiuma.eu\/wp-content\/uploads\/2019\/05\/gommapiuma-cuscini-1-1024x576.jpg 1024w, https:\/\/gommapiuma.eu\/wp-content\/uploads\/2019\/05\/gommapiuma-cuscini-1-300x169.jpg 300w, https:\/\/gommapiuma.eu\/wp-content\/uploads\/2019\/05\/gommapiuma-cuscini-1-768x432.jpg 768w, https:\/\/gommapiuma.eu\/wp-content\/uploads\/2019\/05\/gommapiuma-cuscini-1.jpg 1245w\" sizes=\"(max-width: 1024px) 100vw, 1024px\" \/><\/figure>\n<\/div>\n\n\n\n<div class=\"wp-block-column is-layout-flow wp-block-column-is-layout-flow\">\n<p class=\"has-medium-font-size\">Cuscini per imbarcazioni o divano, disponibili in diverse densit\u00e0 di gommapiuma, adattabili alle dimensioni specifiche del perimetro per un rinnovamento ideale del vostro divano.<\/p>\n<\/div>\n<\/div>\n\n\n\n<p class=\"has-medium-font-size\">Per soddisfare le vostre richieste di sostituzione delle imbottiture del divano, \u00e8 necessario sfilare le fodere dei cuscini e misurare la gommapiuma per profondit\u00e0, lunghezza e spessore. \u00c8 essenziale replicare le misure originali per poter riutilizzare le fodere esistenti.<\/p>\n\n\n\n<div class=\"wp-block-contact-form-7-contact-form-selector\">\n<div class=\"wpcf7 no-js\" id=\"wpcf7-f1064-o1\" lang=\"it-IT\" dir=\"ltr\">\n<div class=\"screen-reader-response\"><p role=\"status\" aria-live=\"polite\" aria-atomic=\"true\"><\/p> <ul><\/ul><\/div>\n<form action=\"\/index.php\/wp-json\/wp\/v2\/pages\/8#wpcf7-f1064-o1\" method=\"post\" class=\"wpcf7-form init\" aria-label=\"Modulo di contatto\" novalidate=\"novalidate\" data-status=\"init\">\n<div style=\"display: none;\">\n<input type=\"hidden\" name=\"_wpcf7\" value=\"1064\" \/>\n<input type=\"hidden\" name=\"_wpcf7_version\" value=\"5.9.8\" \/>\n<input type=\"hidden\" name=\"_wpcf7_locale\" value=\"it_IT\" \/>\n<input type=\"hidden\" name=\"_wpcf7_unit_tag\" value=\"wpcf7-f1064-o1\" \/>\n<input type=\"hidden\" name=\"_wpcf7_container_post\" value=\"0\" \/>\n<input type=\"hidden\" name=\"_wpcf7_posted_data_hash\" value=\"\" \/>\n<\/div>\n<p><label> Il tuo nome<br \/>\n<span class=\"wpcf7-form-control-wrap\" data-name=\"your-name\"><input size=\"40\" maxlength=\"400\" class=\"wpcf7-form-control wpcf7-text wpcf7-validates-as-required\" autocomplete=\"name\" aria-required=\"true\" aria-invalid=\"false\" value=\"\" type=\"text\" name=\"your-name\" \/><\/span> <\/label>\n<\/p>\n<p><label> La tua email<br \/>\n<span class=\"wpcf7-form-control-wrap\" data-name=\"your-email\"><input size=\"40\" maxlength=\"400\" class=\"wpcf7-form-control wpcf7-email wpcf7-validates-as-required wpcf7-text wpcf7-validates-as-email\" autocomplete=\"email\" aria-required=\"true\" aria-invalid=\"false\" value=\"\" type=\"email\" name=\"your-email\" \/><\/span> <\/label>\n<\/p>\n<p><label> Oggetto<br \/>\n<span class=\"wpcf7-form-control-wrap\" data-name=\"your-subject\"><input size=\"40\" maxlength=\"400\" class=\"wpcf7-form-control wpcf7-text wpcf7-validates-as-required\" aria-required=\"true\" aria-invalid=\"false\" value=\"\" type=\"text\" name=\"your-subject\" \/><\/span> <\/label>\n<\/p>\n<p><label> Il tuo messaggio (facoltativo)<br \/>\n<span class=\"wpcf7-form-control-wrap\" data-name=\"your-message\"><textarea cols=\"40\" rows=\"10\" maxlength=\"2000\" class=\"wpcf7-form-control wpcf7-textarea\" aria-invalid=\"false\" name=\"your-message\"><\/textarea><\/span> <\/label>\n<\/p>\n<p><input class=\"wpcf7-form-control wpcf7-submit has-spinner\" type=\"submit\" value=\"Invia\" \/><br \/>\n<span class=\"wpcf7-form-control-wrap\" data-name=\"acceptance-174\"><span class=\"wpcf7-form-control wpcf7-acceptance optional\"><span class=\"wpcf7-list-item\"><input type=\"checkbox\" name=\"acceptance-174\" value=\"1\" aria-invalid=\"false\" \/><\/span><\/span><\/span>\n<\/p><div class=\"wpcf7-response-output\" aria-hidden=\"true\"><\/div>\n<\/form>\n<\/div>\n<\/div>\n\n\n\n<p class=\"has-very-light-gray-to-cyan-bluish-gray-gradient-background has-background\">RICHIESTE E INFORMAZIONI: Email: gommapiumaeu@gmail.com  Tel.  3207633488<\/p>\n\n\n\n<p>Gommapiuma.eu risponde a ogni vostra necessit\u00e0 di acquisto per imbottiture e lastre gommaspugna e gomma piuma.<\/p>\n\n\n\n<p>&nbsp;<\/p>\n","protected":false},"excerpt":{"rendered":"<p>lastre gommapiuma e imbottiture personalizzate Produzioni e vendita gommapiuma per divani e cuscini in stile moderno o classico, lineare o forme non uniformi. Gommapiuma spalliere e cuscini Repliche in spugna e gomma per spalliere e cuscini da divano e salotti. Vendiamo gommapiuma per cuscini d&#8217;arredamento esterno e interni, seguendo con precisione il progetto fornito dalla [&hellip;]<\/p>\n","protected":false},"author":1,"featured_media":0,"parent":0,"menu_order":0,"comment_status":"closed","ping_status":"closed","template":"","meta":{"site-sidebar-layout":"default","site-content-layout":"","ast-site-content-layout":"","site-content-style":"default","site-sidebar-style":"default","ast-global-header-display":"","ast-banner-title-visibility":"","ast-main-header-display":"","ast-hfb-above-header-display":"","ast-hfb-below-header-display":"","ast-hfb-mobile-header-display":"","site-post-title":"","ast-breadcrumbs-content":"","ast-featured-img":"","footer-sml-layout":"","theme-transparent-header-meta":"","adv-header-id-meta":"","stick-header-meta":"","header-above-stick-meta":"","header-main-stick-meta":"","header-below-stick-meta":"","astra-migrate-meta-layouts":"default","ast-page-background-enabled":"default","ast-page-background-meta":{"desktop":{"background-color":"var(--ast-global-color-4)","background-image":"","background-repeat":"repeat","background-position":"center center","background-size":"auto","background-attachment":"scroll","background-type":"","background-media":"","overlay-type":"","overlay-color":"","overlay-opacity":"","overlay-gradient":""},"tablet":{"background-color":"","background-image":"","background-repeat":"repeat","background-position":"center center","background-size":"auto","background-attachment":"scroll","background-type":"","background-media":"","overlay-type":"","overlay-color":"","overlay-opacity":"","overlay-gradient":""},"mobile":{"background-color":"","background-image":"","background-repeat":"repeat","background-position":"center center","background-size":"auto","background-attachment":"scroll","background-type":"","background-media":"","overlay-type":"","overlay-color":"","overlay-opacity":"","overlay-gradient":""}},"ast-content-background-meta":{"desktop":{"background-color":"var(--ast-global-color-5)","background-image":"","background-repeat":"repeat","background-position":"center center","background-size":"auto","background-attachment":"scroll","background-type":"","background-media":"","overlay-type":"","overlay-color":"","overlay-opacity":"","overlay-gradient":""},"tablet":{"background-color":"var(--ast-global-color-5)","background-image":"","background-repeat":"repeat","background-position":"center center","background-size":"auto","background-attachment":"scroll","background-type":"","background-media":"","overlay-type":"","overlay-color":"","overlay-opacity":"","overlay-gradient":""},"mobile":{"background-color":"var(--ast-global-color-5)","background-image":"","background-repeat":"repeat","background-position":"center center","background-size":"auto","background-attachment":"scroll","background-type":"","background-media":"","overlay-type":"","overlay-color":"","overlay-opacity":"","overlay-gradient":""}},"footnotes":""},"yoast_head":"<!-- This site is optimized with the Yoast SEO plugin v23.5 - https:\/\/yoast.com\/wordpress\/plugins\/seo\/ -->\n<title>Vendita gommapiuma - Gommapiuma.eu<\/title>\n<meta name=\"description\" content=\"Vendita gommapiuma tagliata su misura per cuscini in alta densit\u00e0 \u00e8 imbottiture per schienali confortevoli. Consegne a domicilio.\" \/>\n<meta name=\"robots\" content=\"index, follow, max-snippet:-1, max-image-preview:large, max-video-preview:-1\" \/>\n<link rel=\"canonical\" href=\"https:\/\/gommapiuma.eu\/\" \/>\n<meta property=\"og:locale\" content=\"it_IT\" \/>\n<meta property=\"og:type\" content=\"article\" \/>\n<meta property=\"og:title\" content=\"Vendita gommapiuma - Gommapiuma.eu\" \/>\n<meta property=\"og:description\" content=\"Vendita gommapiuma tagliata su misura per cuscini in alta densit\u00e0 \u00e8 imbottiture per schienali confortevoli. Consegne a domicilio.\" \/>\n<meta property=\"og:url\" content=\"https:\/\/gommapiuma.eu\/\" \/>\n<meta property=\"og:site_name\" content=\"Gommapiuma.eu\" \/>\n<meta property=\"article:modified_time\" content=\"2025-02-06T07:17:57+00:00\" \/>\n<meta property=\"og:image\" content=\"https:\/\/gommapiuma.eu\/wp-content\/uploads\/2019\/05\/gommapiuma-cuscino-1-1024x572.jpg\" \/>\n<meta name=\"twitter:card\" content=\"summary_large_image\" \/>\n<meta name=\"twitter:label1\" content=\"Tempo di lettura stimato\" \/>\n\t<meta name=\"twitter:data1\" content=\"5 minuti\" \/>\n<script type=\"application\/ld+json\" class=\"yoast-schema-graph\">{\"@context\":\"https:\/\/schema.org\",\"@graph\":[{\"@type\":\"WebPage\",\"@id\":\"https:\/\/gommapiuma.eu\/\",\"url\":\"https:\/\/gommapiuma.eu\/\",\"name\":\"Vendita gommapiuma - Gommapiuma.eu\",\"isPartOf\":{\"@id\":\"https:\/\/gommapiuma.eu\/#website\"},\"primaryImageOfPage\":{\"@id\":\"https:\/\/gommapiuma.eu\/#primaryimage\"},\"image\":{\"@id\":\"https:\/\/gommapiuma.eu\/#primaryimage\"},\"thumbnailUrl\":\"https:\/\/gommapiuma.eu\/wp-content\/uploads\/2019\/05\/gommapiuma-cuscino-1-1024x572.jpg\",\"datePublished\":\"2016-02-24T20:55:37+00:00\",\"dateModified\":\"2025-02-06T07:17:57+00:00\",\"description\":\"Vendita gommapiuma tagliata su misura per cuscini in alta densit\u00e0 \u00e8 imbottiture per schienali confortevoli. Consegne a domicilio.\",\"breadcrumb\":{\"@id\":\"https:\/\/gommapiuma.eu\/#breadcrumb\"},\"inLanguage\":\"it-IT\",\"potentialAction\":[{\"@type\":\"ReadAction\",\"target\":[\"https:\/\/gommapiuma.eu\/\"]}]},{\"@type\":\"ImageObject\",\"inLanguage\":\"it-IT\",\"@id\":\"https:\/\/gommapiuma.eu\/#primaryimage\",\"url\":\"https:\/\/gommapiuma.eu\/wp-content\/uploads\/2019\/05\/gommapiuma-cuscino-1.jpg\",\"contentUrl\":\"https:\/\/gommapiuma.eu\/wp-content\/uploads\/2019\/05\/gommapiuma-cuscino-1.jpg\",\"width\":1148,\"height\":641,\"caption\":\"gommapiuma per cuscini da divano\"},{\"@type\":\"BreadcrumbList\",\"@id\":\"https:\/\/gommapiuma.eu\/#breadcrumb\",\"itemListElement\":[{\"@type\":\"ListItem\",\"position\":1,\"name\":\"Home\",\"item\":\"https:\/\/gommapiuma.eu\/\"},{\"@type\":\"ListItem\",\"position\":2,\"name\":\"Vendita gommapiuma\"}]},{\"@type\":\"WebSite\",\"@id\":\"https:\/\/gommapiuma.eu\/#website\",\"url\":\"https:\/\/gommapiuma.eu\/\",\"name\":\"Gommapiuma per cuscini e divani\",\"description\":\"Gommapiuma per tappezzeria. Spalliere o cuscini in gommapiuma per divani sono le nostre esecuzioni quotidiane per il confort della vostra casa.\",\"publisher\":{\"@id\":\"https:\/\/gommapiuma.eu\/#organization\"},\"potentialAction\":[{\"@type\":\"SearchAction\",\"target\":{\"@type\":\"EntryPoint\",\"urlTemplate\":\"https:\/\/gommapiuma.eu\/?s={search_term_string}\"},\"query-input\":{\"@type\":\"PropertyValueSpecification\",\"valueRequired\":true,\"valueName\":\"search_term_string\"}}],\"inLanguage\":\"it-IT\"},{\"@type\":\"Organization\",\"@id\":\"https:\/\/gommapiuma.eu\/#organization\",\"name\":\"gommapiuma.eu\",\"url\":\"https:\/\/gommapiuma.eu\/\",\"logo\":{\"@type\":\"ImageObject\",\"inLanguage\":\"it-IT\",\"@id\":\"https:\/\/gommapiuma.eu\/#\/schema\/logo\/image\/\",\"url\":\"https:\/\/gommapiuma.eu\/wp-content\/uploads\/2022\/01\/cropped-densita-gommapiuma-1.jpg\",\"contentUrl\":\"https:\/\/gommapiuma.eu\/wp-content\/uploads\/2022\/01\/cropped-densita-gommapiuma-1.jpg\",\"width\":1236,\"height\":520,\"caption\":\"gommapiuma.eu\"},\"image\":{\"@id\":\"https:\/\/gommapiuma.eu\/#\/schema\/logo\/image\/\"}}]}<\/script>\n<!-- \/ Yoast SEO plugin. -->","yoast_head_json":{"title":"Vendita gommapiuma - Gommapiuma.eu","description":"Vendita gommapiuma tagliata su misura per cuscini in alta densit\u00e0 \u00e8 imbottiture per schienali confortevoli. Consegne a domicilio.","robots":{"index":"index","follow":"follow","max-snippet":"max-snippet:-1","max-image-preview":"max-image-preview:large","max-video-preview":"max-video-preview:-1"},"canonical":"https:\/\/gommapiuma.eu\/","og_locale":"it_IT","og_type":"article","og_title":"Vendita gommapiuma - Gommapiuma.eu","og_description":"Vendita gommapiuma tagliata su misura per cuscini in alta densit\u00e0 \u00e8 imbottiture per schienali confortevoli. Consegne a domicilio.","og_url":"https:\/\/gommapiuma.eu\/","og_site_name":"Gommapiuma.eu","article_modified_time":"2025-02-06T07:17:57+00:00","og_image":[{"url":"https:\/\/gommapiuma.eu\/wp-content\/uploads\/2019\/05\/gommapiuma-cuscino-1-1024x572.jpg"}],"twitter_card":"summary_large_image","twitter_misc":{"Tempo di lettura stimato":"5 minuti"},"schema":{"@context":"https:\/\/schema.org","@graph":[{"@type":"WebPage","@id":"https:\/\/gommapiuma.eu\/","url":"https:\/\/gommapiuma.eu\/","name":"Vendita gommapiuma - Gommapiuma.eu","isPartOf":{"@id":"https:\/\/gommapiuma.eu\/#website"},"primaryImageOfPage":{"@id":"https:\/\/gommapiuma.eu\/#primaryimage"},"image":{"@id":"https:\/\/gommapiuma.eu\/#primaryimage"},"thumbnailUrl":"https:\/\/gommapiuma.eu\/wp-content\/uploads\/2019\/05\/gommapiuma-cuscino-1-1024x572.jpg","datePublished":"2016-02-24T20:55:37+00:00","dateModified":"2025-02-06T07:17:57+00:00","description":"Vendita gommapiuma tagliata su misura per cuscini in alta densit\u00e0 \u00e8 imbottiture per schienali confortevoli. Consegne a domicilio.","breadcrumb":{"@id":"https:\/\/gommapiuma.eu\/#breadcrumb"},"inLanguage":"it-IT","potentialAction":[{"@type":"ReadAction","target":["https:\/\/gommapiuma.eu\/"]}]},{"@type":"ImageObject","inLanguage":"it-IT","@id":"https:\/\/gommapiuma.eu\/#primaryimage","url":"https:\/\/gommapiuma.eu\/wp-content\/uploads\/2019\/05\/gommapiuma-cuscino-1.jpg","contentUrl":"https:\/\/gommapiuma.eu\/wp-content\/uploads\/2019\/05\/gommapiuma-cuscino-1.jpg","width":1148,"height":641,"caption":"gommapiuma per cuscini da divano"},{"@type":"BreadcrumbList","@id":"https:\/\/gommapiuma.eu\/#breadcrumb","itemListElement":[{"@type":"ListItem","position":1,"name":"Home","item":"https:\/\/gommapiuma.eu\/"},{"@type":"ListItem","position":2,"name":"Vendita gommapiuma"}]},{"@type":"WebSite","@id":"https:\/\/gommapiuma.eu\/#website","url":"https:\/\/gommapiuma.eu\/","name":"Gommapiuma per cuscini e divani","description":"Gommapiuma per tappezzeria. Spalliere o cuscini in gommapiuma per divani sono le nostre esecuzioni quotidiane per il confort della vostra casa.","publisher":{"@id":"https:\/\/gommapiuma.eu\/#organization"},"potentialAction":[{"@type":"SearchAction","target":{"@type":"EntryPoint","urlTemplate":"https:\/\/gommapiuma.eu\/?s={search_term_string}"},"query-input":{"@type":"PropertyValueSpecification","valueRequired":true,"valueName":"search_term_string"}}],"inLanguage":"it-IT"},{"@type":"Organization","@id":"https:\/\/gommapiuma.eu\/#organization","name":"gommapiuma.eu","url":"https:\/\/gommapiuma.eu\/","logo":{"@type":"ImageObject","inLanguage":"it-IT","@id":"https:\/\/gommapiuma.eu\/#\/schema\/logo\/image\/","url":"https:\/\/gommapiuma.eu\/wp-content\/uploads\/2022\/01\/cropped-densita-gommapiuma-1.jpg","contentUrl":"https:\/\/gommapiuma.eu\/wp-content\/uploads\/2022\/01\/cropped-densita-gommapiuma-1.jpg","width":1236,"height":520,"caption":"gommapiuma.eu"},"image":{"@id":"https:\/\/gommapiuma.eu\/#\/schema\/logo\/image\/"}}]}},"_links":{"self":[{"href":"https:\/\/gommapiuma.eu\/index.php\/wp-json\/wp\/v2\/pages\/8"}],"collection":[{"href":"https:\/\/gommapiuma.eu\/index.php\/wp-json\/wp\/v2\/pages"}],"about":[{"href":"https:\/\/gommapiuma.eu\/index.php\/wp-json\/wp\/v2\/types\/page"}],"author":[{"embeddable":true,"href":"https:\/\/gommapiuma.eu\/index.php\/wp-json\/wp\/v2\/users\/1"}],"replies":[{"embeddable":true,"href":"https:\/\/gommapiuma.eu\/index.php\/wp-json\/wp\/v2\/comments?post=8"}],"version-history":[{"count":90,"href":"https:\/\/gommapiuma.eu\/index.php\/wp-json\/wp\/v2\/pages\/8\/revisions"}],"predecessor-version":[{"id":1575,"href":"https:\/\/gommapiuma.eu\/index.php\/wp-json\/wp\/v2\/pages\/8\/revisions\/1575"}],"wp:attachment":[{"href":"https:\/\/gommapiuma.eu\/index.php\/wp-json\/wp\/v2\/media?parent=8"}],"curies":[{"name":"wp","href":"https:\/\/api.w.org\/{rel}","templated":true}]}}