{"id":632,"date":"2022-01-05T23:59:28","date_gmt":"2022-01-05T22:59:28","guid":{"rendered":"https:\/\/gommapiuma.eu\/?page_id=632"},"modified":"2025-02-06T08:15:40","modified_gmt":"2025-02-06T07:15:40","slug":"lastre-gommapiuma","status":"publish","type":"page","link":"https:\/\/gommapiuma.eu\/index.php\/lastre-gommapiuma\/","title":{"rendered":"Lastre gommapiuma"},"content":{"rendered":"\n<h2 class=\"wp-block-heading has-medium-font-size\">Vendita lastre gommapiuma <\/h2>\n\n\n\n<p class=\"has-medium-font-size\">Perimetro lastre da 200&#215;100 cm con spessore iniziale da 1 cm<\/p>\n\n\n\n<p class=\"has-medium-font-size\">Produzione lastre gommapiuma da 80 cm in altezza, prodotte con spessore di 3 cm fino a 12 cm. Densit\u00e0 disponibili a partire da una densit\u00e0 18kg\/m3 sino ad un <a href=\"https:\/\/gommapiuma.eu\/index.php\/gommapiuma-alta-densita\/\">alt\u00e0 densit\u00e0<\/a> rigida 40 kg\/m3.<\/p>\n\n\n\n<p class=\"has-medium-font-size\">Offerta del taglio gommapiuma su misura 200 x 80 cm dipende dalla densit\u00e0 e quantita richiesta.<\/p>\n\n\n\n<p class=\"has-medium-font-size\">Gommapiuma 80&#215;200 cm spessore 3 cm a partire da 18 euro<\/p>\n\n\n\n<p class=\"has-medium-font-size\">Lastra gommapiuma spessore 4 cm lunghezza 200 cm altezza 80 cm da 24 euro.<\/p>\n\n\n\n<p class=\"has-medium-font-size\">Lastra 80&#215;200 oppure 200&#215;100 cm spessore 5 cm a partire da 28 euro.<\/p>\n\n\n\n<figure class=\"wp-block-image alignleft size-large is-resized\"><img loading=\"lazy\" decoding=\"async\" width=\"1024\" height=\"1024\" src=\"https:\/\/gommapiuma.eu\/wp-content\/uploads\/2022\/01\/densita-gommapiuma-1024x1024.jpg\" alt=\"gomma piuma alt\u00e0 densit\u00e0\" class=\"wp-image-638\" style=\"width:150px\" srcset=\"https:\/\/gommapiuma.eu\/wp-content\/uploads\/2022\/01\/densita-gommapiuma-1024x1024.jpg 1024w, https:\/\/gommapiuma.eu\/wp-content\/uploads\/2022\/01\/densita-gommapiuma-300x300.jpg 300w, https:\/\/gommapiuma.eu\/wp-content\/uploads\/2022\/01\/densita-gommapiuma-150x150.jpg 150w, https:\/\/gommapiuma.eu\/wp-content\/uploads\/2022\/01\/densita-gommapiuma-768x768.jpg 768w, https:\/\/gommapiuma.eu\/wp-content\/uploads\/2022\/01\/densita-gommapiuma-1536x1536.jpg 1536w, https:\/\/gommapiuma.eu\/wp-content\/uploads\/2022\/01\/densita-gommapiuma-220x220.jpg 220w, https:\/\/gommapiuma.eu\/wp-content\/uploads\/2022\/01\/densita-gommapiuma.jpg 1560w\" sizes=\"(max-width: 1024px) 100vw, 1024px\" \/><\/figure>\n\n\n\n<p class=\"has-medium-font-size\">Gommapiuma spessore 6 cm. proposta in tre perimetri: 70&#215;200 cm 80&#215;200 cm oppure 200&#215;100 cm a partire da 32 euro cadauna.<\/p>\n\n\n\n<p class=\"has-medium-font-size\">Lastra gomma piuma spessore 8 cm disponibile dalla 18 kg\/m3 di densit\u00e0 con taglio su misura o lastra. Prezzo da 40 euro in su.<\/p>\n\n\n\n<p class=\"has-medium-font-size\">Con spessore 10 cm \u00e8 possibile richiedere taglio su misura o nei tre perimetri indicati.    <\/p>\n\n\n\n<h3 class=\"wp-block-heading has-medium-font-size\"><strong>Produzione lastre da 60&#215;80 cm e 65&#215;80 cm <\/strong><\/h3>\n\n\n\n<p class=\"has-medium-font-size\">Quotazioni secondo quantitativi o metro lineare. Per spessori maggiori o perimetri personalizzati scriveteci a: gommapiumaeu@gmail.com Rispondiamo analizzando fattibilit\u00e0 e indicando costi. <\/p>\n\n\n\n<p class=\"has-medium-font-size\">Disponiamo di 10 densit\u00e0. Partendo da Blocchi di soffice sino ad altissime densita per chi desidera gommapiuma per divani consistenti, in ambito nautico o lavorazioni particolari <\/p>\n\n\n\n<h2 class=\"wp-block-heading has-medium-font-size\">Gommapiuma per panche<\/h2>\n\n\n\n<p class=\"has-medium-font-size\">Misure lastra 40&#215;80 cm. Spessori realizzabili a partire da 4 cm. Inviate una richiesta per misure personalizzate. <\/p>\n\n\n\n<h4 class=\"wp-block-heading has-medium-font-size\">Gommapiuma per divani per strutture fisse<\/h4>\n\n\n\n<p class=\"has-medium-font-size\">Non abbiamo limiti produttivi. per cuscini con basi in muratura possiamo fornire suggerimenti relativi a spessori e come ottenere risultati eccellenti.  Richiedendo misure per vostra necessit\u00e0 o specificando perimetro della base in muratura valutiamo produzione. Minimo spessore suggerito per cuscini da divano in muratura e 6 cm sino a 10 cm. <\/p>\n\n\n\n<div class=\"wp-block-contact-form-7-contact-form-selector\">\n<div class=\"wpcf7 no-js\" id=\"wpcf7-f1064-o1\" lang=\"it-IT\" dir=\"ltr\">\n<div class=\"screen-reader-response\"><p role=\"status\" aria-live=\"polite\" aria-atomic=\"true\"><\/p> <ul><\/ul><\/div>\n<form action=\"\/index.php\/wp-json\/wp\/v2\/pages\/632#wpcf7-f1064-o1\" method=\"post\" class=\"wpcf7-form init\" aria-label=\"Modulo di contatto\" novalidate=\"novalidate\" data-status=\"init\">\n<div style=\"display: none;\">\n<input type=\"hidden\" name=\"_wpcf7\" value=\"1064\" \/>\n<input type=\"hidden\" name=\"_wpcf7_version\" value=\"5.9.8\" \/>\n<input type=\"hidden\" name=\"_wpcf7_locale\" value=\"it_IT\" \/>\n<input type=\"hidden\" name=\"_wpcf7_unit_tag\" value=\"wpcf7-f1064-o1\" \/>\n<input type=\"hidden\" name=\"_wpcf7_container_post\" value=\"0\" \/>\n<input type=\"hidden\" name=\"_wpcf7_posted_data_hash\" value=\"\" \/>\n<\/div>\n<p><label> Il tuo nome<br \/>\n<span class=\"wpcf7-form-control-wrap\" data-name=\"your-name\"><input size=\"40\" maxlength=\"400\" class=\"wpcf7-form-control wpcf7-text wpcf7-validates-as-required\" autocomplete=\"name\" aria-required=\"true\" aria-invalid=\"false\" value=\"\" type=\"text\" name=\"your-name\" \/><\/span> <\/label>\n<\/p>\n<p><label> La tua email<br \/>\n<span class=\"wpcf7-form-control-wrap\" data-name=\"your-email\"><input size=\"40\" maxlength=\"400\" class=\"wpcf7-form-control wpcf7-email wpcf7-validates-as-required wpcf7-text wpcf7-validates-as-email\" autocomplete=\"email\" aria-required=\"true\" aria-invalid=\"false\" value=\"\" type=\"email\" name=\"your-email\" \/><\/span> <\/label>\n<\/p>\n<p><label> Oggetto<br \/>\n<span class=\"wpcf7-form-control-wrap\" data-name=\"your-subject\"><input size=\"40\" maxlength=\"400\" class=\"wpcf7-form-control wpcf7-text wpcf7-validates-as-required\" aria-required=\"true\" aria-invalid=\"false\" value=\"\" type=\"text\" name=\"your-subject\" \/><\/span> <\/label>\n<\/p>\n<p><label> Il tuo messaggio (facoltativo)<br \/>\n<span class=\"wpcf7-form-control-wrap\" data-name=\"your-message\"><textarea cols=\"40\" rows=\"10\" maxlength=\"2000\" class=\"wpcf7-form-control wpcf7-textarea\" aria-invalid=\"false\" name=\"your-message\"><\/textarea><\/span> <\/label>\n<\/p>\n<p><input class=\"wpcf7-form-control wpcf7-submit has-spinner\" type=\"submit\" value=\"Invia\" \/><br \/>\n<span class=\"wpcf7-form-control-wrap\" data-name=\"acceptance-174\"><span class=\"wpcf7-form-control wpcf7-acceptance optional\"><span class=\"wpcf7-list-item\"><input type=\"checkbox\" name=\"acceptance-174\" value=\"1\" aria-invalid=\"false\" \/><\/span><\/span><\/span>\n<\/p><div class=\"wpcf7-response-output\" aria-hidden=\"true\"><\/div>\n<\/form>\n<\/div>\n<\/div>\n\n\n\n<p class=\"has-medium-font-size\">Alcune specifiche dei nostri materiali: L&#8217;acquisto di lastre in gommapiuma spesso genera confusione sui prezzi. Tante offerte con diversi prezzi che \u00e8 difficile orientarsi quale offerta accettare.<\/p>\n\n\n\n<p class=\"has-medium-font-size\"> La gommapiuma come tutte le materie prime si differenzia secondo le caratteristiche del prodotto. Termini quali Alta resilenza, indeformabile, ignifugo, traspirante, densit\u00e0, portanza ecc. sono termini spesso non compresi. Due lastre di gommapiuma delle stesse dimensioni possono&nbsp; avere un di costo di 6 euro o 25 euro. Cosa cambia ? Cambia la tipologia offerta. Una lastra di gommapiuma densit\u00e0 18 e una con densit\u00e0 30 D visivamente sono uguali ma totalmente diverse in termini di consistenza, resistenza all&#8217;affondamento, alla resa elastica, ecc.<\/p>\n\n\n\n<p class=\"has-medium-font-size\">Gommapiuma densit\u00e0 30 kg\/m3 Una prima tipologia elastica, al contatto soffice ma con la portanza di una 30 di densit\u00e0. Seconda tipologia \u00e8 la 30 di densit\u00e0 portanza 40. Superiore in termini di consistenza e resa rispetto alla comune 30. Ultima tipologia di gommapiuma 30 \u00e8 la super Pk30 rigit\u00e0 in assoluto, usata per la nautica o cuscini per divani in triplice strati. Disponibile a partire da 1 cm. di spessore. Specifichiamo che non esiste un unica densit\u00e0 30.<\/p>\n\n\n\n<p class=\"has-medium-font-size\">Email: gommapiumaeu@gmail.com     Servizio 3207633488<\/p>\n\n\n\n<p><\/p>\n","protected":false},"excerpt":{"rendered":"<p>Vendita lastre gommapiuma Perimetro lastre da 200&#215;100 cm con spessore iniziale da 1 cm Produzione lastre gommapiuma da 80 cm in altezza, prodotte con spessore di 3 cm fino a 12 cm. Densit\u00e0 disponibili a partire da una densit\u00e0 18kg\/m3 sino ad un alt\u00e0 densit\u00e0 rigida 40 kg\/m3. Offerta del taglio gommapiuma su misura 200 [&hellip;]<\/p>\n","protected":false},"author":1,"featured_media":0,"parent":0,"menu_order":0,"comment_status":"closed","ping_status":"closed","template":"","meta":{"site-sidebar-layout":"default","site-content-layout":"","ast-site-content-layout":"","site-content-style":"default","site-sidebar-style":"default","ast-global-header-display":"","ast-banner-title-visibility":"","ast-main-header-display":"","ast-hfb-above-header-display":"","ast-hfb-below-header-display":"","ast-hfb-mobile-header-display":"","site-post-title":"","ast-breadcrumbs-content":"","ast-featured-img":"","footer-sml-layout":"","theme-transparent-header-meta":"","adv-header-id-meta":"","stick-header-meta":"","header-above-stick-meta":"","header-main-stick-meta":"","header-below-stick-meta":"","astra-migrate-meta-layouts":"default","ast-page-background-enabled":"default","ast-page-background-meta":{"desktop":{"background-color":"var(--ast-global-color-4)","background-image":"","background-repeat":"repeat","background-position":"center center","background-size":"auto","background-attachment":"scroll","background-type":"","background-media":"","overlay-type":"","overlay-color":"","overlay-opacity":"","overlay-gradient":""},"tablet":{"background-color":"","background-image":"","background-repeat":"repeat","background-position":"center center","background-size":"auto","background-attachment":"scroll","background-type":"","background-media":"","overlay-type":"","overlay-color":"","overlay-opacity":"","overlay-gradient":""},"mobile":{"background-color":"","background-image":"","background-repeat":"repeat","background-position":"center center","background-size":"auto","background-attachment":"scroll","background-type":"","background-media":"","overlay-type":"","overlay-color":"","overlay-opacity":"","overlay-gradient":""}},"ast-content-background-meta":{"desktop":{"background-color":"var(--ast-global-color-5)","background-image":"","background-repeat":"repeat","background-position":"center center","background-size":"auto","background-attachment":"scroll","background-type":"","background-media":"","overlay-type":"","overlay-color":"","overlay-opacity":"","overlay-gradient":""},"tablet":{"background-color":"var(--ast-global-color-5)","background-image":"","background-repeat":"repeat","background-position":"center center","background-size":"auto","background-attachment":"scroll","background-type":"","background-media":"","overlay-type":"","overlay-color":"","overlay-opacity":"","overlay-gradient":""},"mobile":{"background-color":"var(--ast-global-color-5)","background-image":"","background-repeat":"repeat","background-position":"center center","background-size":"auto","background-attachment":"scroll","background-type":"","background-media":"","overlay-type":"","overlay-color":"","overlay-opacity":"","overlay-gradient":""}},"footnotes":""},"yoast_head":"<!-- This site is optimized with the Yoast SEO plugin v23.5 - https:\/\/yoast.com\/wordpress\/plugins\/seo\/ -->\n<title>Lastre gommapiuma - Gommapiuma.eu<\/title>\n<meta name=\"description\" content=\"Lastre gommapiuma proposte nel perimetro 80x200 cm o 100x200 cm. Produzione perimetri e spessori su misura in 10 densit\u00e0. Vendita online\" \/>\n<meta name=\"robots\" content=\"index, follow, max-snippet:-1, max-image-preview:large, max-video-preview:-1\" \/>\n<link rel=\"canonical\" href=\"https:\/\/gommapiuma.eu\/index.php\/lastre-gommapiuma\/\" \/>\n<meta property=\"og:locale\" content=\"it_IT\" \/>\n<meta property=\"og:type\" content=\"article\" \/>\n<meta property=\"og:title\" content=\"Lastre gommapiuma - Gommapiuma.eu\" \/>\n<meta property=\"og:description\" content=\"Lastre gommapiuma proposte nel perimetro 80x200 cm o 100x200 cm. Produzione perimetri e spessori su misura in 10 densit\u00e0. Vendita online\" \/>\n<meta property=\"og:url\" content=\"https:\/\/gommapiuma.eu\/index.php\/lastre-gommapiuma\/\" \/>\n<meta property=\"og:site_name\" content=\"Gommapiuma.eu\" \/>\n<meta property=\"article:modified_time\" content=\"2025-02-06T07:15:40+00:00\" \/>\n<meta property=\"og:image\" content=\"https:\/\/gommapiuma.eu\/wp-content\/uploads\/2022\/01\/densita-gommapiuma-1024x1024.jpg\" \/>\n<meta name=\"twitter:card\" content=\"summary_large_image\" \/>\n<meta name=\"twitter:label1\" content=\"Tempo di lettura stimato\" \/>\n\t<meta name=\"twitter:data1\" content=\"3 minuti\" \/>\n<script type=\"application\/ld+json\" class=\"yoast-schema-graph\">{\"@context\":\"https:\/\/schema.org\",\"@graph\":[{\"@type\":\"WebPage\",\"@id\":\"https:\/\/gommapiuma.eu\/index.php\/lastre-gommapiuma\/\",\"url\":\"https:\/\/gommapiuma.eu\/index.php\/lastre-gommapiuma\/\",\"name\":\"Lastre gommapiuma - Gommapiuma.eu\",\"isPartOf\":{\"@id\":\"https:\/\/gommapiuma.eu\/#website\"},\"primaryImageOfPage\":{\"@id\":\"https:\/\/gommapiuma.eu\/index.php\/lastre-gommapiuma\/#primaryimage\"},\"image\":{\"@id\":\"https:\/\/gommapiuma.eu\/index.php\/lastre-gommapiuma\/#primaryimage\"},\"thumbnailUrl\":\"https:\/\/gommapiuma.eu\/wp-content\/uploads\/2022\/01\/densita-gommapiuma-1024x1024.jpg\",\"datePublished\":\"2022-01-05T22:59:28+00:00\",\"dateModified\":\"2025-02-06T07:15:40+00:00\",\"description\":\"Lastre gommapiuma proposte nel perimetro 80x200 cm o 100x200 cm. Produzione perimetri e spessori su misura in 10 densit\u00e0. Vendita online\",\"breadcrumb\":{\"@id\":\"https:\/\/gommapiuma.eu\/index.php\/lastre-gommapiuma\/#breadcrumb\"},\"inLanguage\":\"it-IT\",\"potentialAction\":[{\"@type\":\"ReadAction\",\"target\":[\"https:\/\/gommapiuma.eu\/index.php\/lastre-gommapiuma\/\"]}]},{\"@type\":\"ImageObject\",\"inLanguage\":\"it-IT\",\"@id\":\"https:\/\/gommapiuma.eu\/index.php\/lastre-gommapiuma\/#primaryimage\",\"url\":\"https:\/\/gommapiuma.eu\/wp-content\/uploads\/2022\/01\/densita-gommapiuma.jpg\",\"contentUrl\":\"https:\/\/gommapiuma.eu\/wp-content\/uploads\/2022\/01\/densita-gommapiuma.jpg\",\"width\":1560,\"height\":1560},{\"@type\":\"BreadcrumbList\",\"@id\":\"https:\/\/gommapiuma.eu\/index.php\/lastre-gommapiuma\/#breadcrumb\",\"itemListElement\":[{\"@type\":\"ListItem\",\"position\":1,\"name\":\"Home\",\"item\":\"https:\/\/gommapiuma.eu\/\"},{\"@type\":\"ListItem\",\"position\":2,\"name\":\"Lastre gommapiuma\"}]},{\"@type\":\"WebSite\",\"@id\":\"https:\/\/gommapiuma.eu\/#website\",\"url\":\"https:\/\/gommapiuma.eu\/\",\"name\":\"Gommapiuma per cuscini e divani\",\"description\":\"Gommapiuma per tappezzeria. Spalliere o cuscini in gommapiuma per divani sono le nostre esecuzioni quotidiane per il confort della vostra casa.\",\"publisher\":{\"@id\":\"https:\/\/gommapiuma.eu\/#organization\"},\"potentialAction\":[{\"@type\":\"SearchAction\",\"target\":{\"@type\":\"EntryPoint\",\"urlTemplate\":\"https:\/\/gommapiuma.eu\/?s={search_term_string}\"},\"query-input\":{\"@type\":\"PropertyValueSpecification\",\"valueRequired\":true,\"valueName\":\"search_term_string\"}}],\"inLanguage\":\"it-IT\"},{\"@type\":\"Organization\",\"@id\":\"https:\/\/gommapiuma.eu\/#organization\",\"name\":\"gommapiuma.eu\",\"url\":\"https:\/\/gommapiuma.eu\/\",\"logo\":{\"@type\":\"ImageObject\",\"inLanguage\":\"it-IT\",\"@id\":\"https:\/\/gommapiuma.eu\/#\/schema\/logo\/image\/\",\"url\":\"https:\/\/gommapiuma.eu\/wp-content\/uploads\/2022\/01\/cropped-densita-gommapiuma-1.jpg\",\"contentUrl\":\"https:\/\/gommapiuma.eu\/wp-content\/uploads\/2022\/01\/cropped-densita-gommapiuma-1.jpg\",\"width\":1236,\"height\":520,\"caption\":\"gommapiuma.eu\"},\"image\":{\"@id\":\"https:\/\/gommapiuma.eu\/#\/schema\/logo\/image\/\"}}]}<\/script>\n<!-- \/ Yoast SEO plugin. -->","yoast_head_json":{"title":"Lastre gommapiuma - Gommapiuma.eu","description":"Lastre gommapiuma proposte nel perimetro 80x200 cm o 100x200 cm. Produzione perimetri e spessori su misura in 10 densit\u00e0. Vendita online","robots":{"index":"index","follow":"follow","max-snippet":"max-snippet:-1","max-image-preview":"max-image-preview:large","max-video-preview":"max-video-preview:-1"},"canonical":"https:\/\/gommapiuma.eu\/index.php\/lastre-gommapiuma\/","og_locale":"it_IT","og_type":"article","og_title":"Lastre gommapiuma - Gommapiuma.eu","og_description":"Lastre gommapiuma proposte nel perimetro 80x200 cm o 100x200 cm. Produzione perimetri e spessori su misura in 10 densit\u00e0. Vendita online","og_url":"https:\/\/gommapiuma.eu\/index.php\/lastre-gommapiuma\/","og_site_name":"Gommapiuma.eu","article_modified_time":"2025-02-06T07:15:40+00:00","og_image":[{"url":"https:\/\/gommapiuma.eu\/wp-content\/uploads\/2022\/01\/densita-gommapiuma-1024x1024.jpg"}],"twitter_card":"summary_large_image","twitter_misc":{"Tempo di lettura stimato":"3 minuti"},"schema":{"@context":"https:\/\/schema.org","@graph":[{"@type":"WebPage","@id":"https:\/\/gommapiuma.eu\/index.php\/lastre-gommapiuma\/","url":"https:\/\/gommapiuma.eu\/index.php\/lastre-gommapiuma\/","name":"Lastre gommapiuma - Gommapiuma.eu","isPartOf":{"@id":"https:\/\/gommapiuma.eu\/#website"},"primaryImageOfPage":{"@id":"https:\/\/gommapiuma.eu\/index.php\/lastre-gommapiuma\/#primaryimage"},"image":{"@id":"https:\/\/gommapiuma.eu\/index.php\/lastre-gommapiuma\/#primaryimage"},"thumbnailUrl":"https:\/\/gommapiuma.eu\/wp-content\/uploads\/2022\/01\/densita-gommapiuma-1024x1024.jpg","datePublished":"2022-01-05T22:59:28+00:00","dateModified":"2025-02-06T07:15:40+00:00","description":"Lastre gommapiuma proposte nel perimetro 80x200 cm o 100x200 cm. Produzione perimetri e spessori su misura in 10 densit\u00e0. Vendita online","breadcrumb":{"@id":"https:\/\/gommapiuma.eu\/index.php\/lastre-gommapiuma\/#breadcrumb"},"inLanguage":"it-IT","potentialAction":[{"@type":"ReadAction","target":["https:\/\/gommapiuma.eu\/index.php\/lastre-gommapiuma\/"]}]},{"@type":"ImageObject","inLanguage":"it-IT","@id":"https:\/\/gommapiuma.eu\/index.php\/lastre-gommapiuma\/#primaryimage","url":"https:\/\/gommapiuma.eu\/wp-content\/uploads\/2022\/01\/densita-gommapiuma.jpg","contentUrl":"https:\/\/gommapiuma.eu\/wp-content\/uploads\/2022\/01\/densita-gommapiuma.jpg","width":1560,"height":1560},{"@type":"BreadcrumbList","@id":"https:\/\/gommapiuma.eu\/index.php\/lastre-gommapiuma\/#breadcrumb","itemListElement":[{"@type":"ListItem","position":1,"name":"Home","item":"https:\/\/gommapiuma.eu\/"},{"@type":"ListItem","position":2,"name":"Lastre gommapiuma"}]},{"@type":"WebSite","@id":"https:\/\/gommapiuma.eu\/#website","url":"https:\/\/gommapiuma.eu\/","name":"Gommapiuma per cuscini e divani","description":"Gommapiuma per tappezzeria. Spalliere o cuscini in gommapiuma per divani sono le nostre esecuzioni quotidiane per il confort della vostra casa.","publisher":{"@id":"https:\/\/gommapiuma.eu\/#organization"},"potentialAction":[{"@type":"SearchAction","target":{"@type":"EntryPoint","urlTemplate":"https:\/\/gommapiuma.eu\/?s={search_term_string}"},"query-input":{"@type":"PropertyValueSpecification","valueRequired":true,"valueName":"search_term_string"}}],"inLanguage":"it-IT"},{"@type":"Organization","@id":"https:\/\/gommapiuma.eu\/#organization","name":"gommapiuma.eu","url":"https:\/\/gommapiuma.eu\/","logo":{"@type":"ImageObject","inLanguage":"it-IT","@id":"https:\/\/gommapiuma.eu\/#\/schema\/logo\/image\/","url":"https:\/\/gommapiuma.eu\/wp-content\/uploads\/2022\/01\/cropped-densita-gommapiuma-1.jpg","contentUrl":"https:\/\/gommapiuma.eu\/wp-content\/uploads\/2022\/01\/cropped-densita-gommapiuma-1.jpg","width":1236,"height":520,"caption":"gommapiuma.eu"},"image":{"@id":"https:\/\/gommapiuma.eu\/#\/schema\/logo\/image\/"}}]}},"_links":{"self":[{"href":"https:\/\/gommapiuma.eu\/index.php\/wp-json\/wp\/v2\/pages\/632"}],"collection":[{"href":"https:\/\/gommapiuma.eu\/index.php\/wp-json\/wp\/v2\/pages"}],"about":[{"href":"https:\/\/gommapiuma.eu\/index.php\/wp-json\/wp\/v2\/types\/page"}],"author":[{"embeddable":true,"href":"https:\/\/gommapiuma.eu\/index.php\/wp-json\/wp\/v2\/users\/1"}],"replies":[{"embeddable":true,"href":"https:\/\/gommapiuma.eu\/index.php\/wp-json\/wp\/v2\/comments?post=632"}],"version-history":[{"count":38,"href":"https:\/\/gommapiuma.eu\/index.php\/wp-json\/wp\/v2\/pages\/632\/revisions"}],"predecessor-version":[{"id":1573,"href":"https:\/\/gommapiuma.eu\/index.php\/wp-json\/wp\/v2\/pages\/632\/revisions\/1573"}],"wp:attachment":[{"href":"https:\/\/gommapiuma.eu\/index.php\/wp-json\/wp\/v2\/media?parent=632"}],"curies":[{"name":"wp","href":"https:\/\/api.w.org\/{rel}","templated":true}]}}