{"id":275,"date":"2018-07-14T18:25:27","date_gmt":"2018-07-14T16:25:27","guid":{"rendered":"https:\/\/gommapiuma.eu\/?page_id=275"},"modified":"2025-02-06T08:05:19","modified_gmt":"2025-02-06T07:05:19","slug":"gommapiuma-per-sedie","status":"publish","type":"page","link":"https:\/\/gommapiuma.eu\/index.php\/gommapiuma-per-sedie\/","title":{"rendered":"Gommapiuma per sedia"},"content":{"rendered":"\n<p class=\"has-medium-font-size\"><span style=\"font-size: 14pt;\">La gommapiuma utilizzata per i cuscini delle sedie e differente dalla gommapiuma utilizzata per produrre imbottiture da divano. Non sono necessarie alte densit\u00e0 o livelli di ritorno elastico alti, tranne in presenza di sedie ampie o per locali pubblici come ristoranti, hotel, pizzerie. In questi casi per elevato utilizzo proponiamo densit\u00e0 alte e spessori maggiori della comune sedia per cucina o salone.<\/span><\/p>\n\n\n\n<figure class=\"wp-block-image alignleft wp-image-884 size-thumbnail\"><img loading=\"lazy\" decoding=\"async\" width=\"150\" height=\"150\" src=\"https:\/\/gommapiuma.eu\/wp-content\/uploads\/2023\/01\/gommapiuma-per-cuscini-150x150.jpg\" alt=\"gommapiuma per sedie\" class=\"wp-image-884\" srcset=\"https:\/\/gommapiuma.eu\/wp-content\/uploads\/2023\/01\/gommapiuma-per-cuscini-150x150.jpg 150w, https:\/\/gommapiuma.eu\/wp-content\/uploads\/2023\/01\/gommapiuma-per-cuscini-300x300.jpg 300w, https:\/\/gommapiuma.eu\/wp-content\/uploads\/2023\/01\/gommapiuma-per-cuscini-220x220.jpg 220w\" sizes=\"(max-width: 150px) 100vw, 150px\" \/><figcaption class=\"wp-element-caption\">gommapiuma per cuscini<\/figcaption><\/figure>\n\n\n\n<h2 class=\"wp-block-heading has-medium-font-size\">La nostra produzione<\/h2>\n\n\n\n<p class=\"has-medium-font-size\"> <span style=\"font-size: 14pt;\"><strong><a href=\"https:\/\/gommapiuma.eu\/index.php\/lastre-gommapiuma\/\"> gommapiuma<\/a> per sedie<\/strong> classiche o moderne \u00e8 adeguata secondo il modello di sedia.\u00a0<\/span><\/p>\n\n\n\n<p class=\"has-medium-font-size\">Offerta: gommapiuma 38&#215;38 cm altezza 3 cm per sedia da giardino, prezzo 3 euro. E possibile sviluppare altezze e misure maggiori.<\/p>\n\n\n\n<p><span style=\"font-size: 20px;\">Inviate vostre richieste a: gommapiumaeu@gmail.com<\/span><\/p>\n\n\n\n<p class=\"has-medium-font-size\"><span style=\"font-size: 14pt;\">E necessario distinguere solo i tre principali generi di sedie:<\/span><\/p>\n\n\n\n<p><span style=\"font-size: 14pt;\">Sedie da cucina, sedie da salotto e gommapiuma per sedie da esterno.<\/span><\/p>\n\n\n\n<p><span style=\"font-size: 14pt;\">La<strong> gommapiuma sedie da cucina<\/strong> e realizzata in media densit\u00e0 per l&#8217;uso quotidiano che si ha. Spessore della gommapiuma e tra i 2 e 3 cm, misura comune e 37&#215;37 cm. Il 2 cm e per realizzare copri sedia, gomma piuma con da 3 a 4 cm un confortevole cuscino.<br><\/span><\/p>\n\n\n\n<p class=\"has-medium-font-size\"><span style=\"font-size: 14pt;\">la <strong>gommapiuma per le sedie da salone<\/strong> con perimetri tra i 38&#215;38 cm. e 40&#215;40 cm. spessore tra i 3 e 4 cm<\/span><\/p>\n\n\n\n<div class=\"wp-block-columns is-layout-flex wp-container-core-columns-layout-1 wp-block-columns-is-layout-flex\">\n<div class=\"wp-block-column is-layout-flow wp-block-column-is-layout-flow\">\n<figure class=\"wp-block-image size-large is-resized\"><img loading=\"lazy\" decoding=\"async\" width=\"683\" height=\"1024\" src=\"https:\/\/gommapiuma.eu\/wp-content\/uploads\/2024\/12\/cuscini-esterni-683x1024.jpg\" alt=\"cuscini esterno\" class=\"wp-image-1365\" style=\"width:404px\" srcset=\"https:\/\/gommapiuma.eu\/wp-content\/uploads\/2024\/12\/cuscini-esterni-683x1024.jpg 683w, https:\/\/gommapiuma.eu\/wp-content\/uploads\/2024\/12\/cuscini-esterni-200x300.jpg 200w, https:\/\/gommapiuma.eu\/wp-content\/uploads\/2024\/12\/cuscini-esterni-768x1152.jpg 768w, https:\/\/gommapiuma.eu\/wp-content\/uploads\/2024\/12\/cuscini-esterni-1024x1536.jpg 1024w, https:\/\/gommapiuma.eu\/wp-content\/uploads\/2024\/12\/cuscini-esterni-1365x2048.jpg 1365w, https:\/\/gommapiuma.eu\/wp-content\/uploads\/2024\/12\/cuscini-esterni-scaled.jpg 1707w\" sizes=\"(max-width: 683px) 100vw, 683px\" \/><\/figure>\n<\/div>\n\n\n\n<div class=\"wp-block-column is-layout-flow wp-block-column-is-layout-flow\">\n<h3 class=\"wp-block-heading has-medium-font-size\">Imbottiture per sedie <\/h3>\n\n\n\n<p class=\"has-medium-font-size\">Per le sedie da esterno, la densit\u00e0 della gommapiuma varia tra 18 e 21 kg\/m\u00b3 per un utilizzo non quotidiano dei cuscini durante l&#8217;anno. Le dimensioni dei cuscini da giardino superano spesso i 40&#215;40 cm e possono raggiungere i 50&#215;50 cm con uno spessore di 5 cm. <\/p>\n\n\n\n<p class=\"has-medium-font-size\">Le imbottiture per sedie possono essere costituite esclusivamente dalla lastra di gommapiuma o essere realizzate con ovatta sintetica e una fodera protettiva.<\/p>\n\n\n\n<p class=\"has-medium-font-size\">Per le sedie da esterno, la densit\u00e0 della gommapiuma varia tra 18 e 21 kg\/m\u00b3 per un utilizzo non quotidiano dei cuscini durante l&#8217;anno.<\/p>\n<\/div>\n<\/div>\n\n\n\n<p class=\"has-medium-font-size\">Le dimensioni dei cuscini da giardino superano spesso i 40&#215;40 cm e possono raggiungere i 50&#215;50 cm con uno spessore di 5 cm. Le imbottiture per sedie possono essere costituite esclusivamente dalla lastra di gommapiuma o essere realizzate con ovatta sintetica e una fodera protettiva.<\/p>\n\n\n\n<p class=\"has-medium-font-size\">Proponiamo per sedie in uso locali pubblici densit\u00e0 maggiori della 18 kg\/m3 o 20 kg\/m3. Un ottima soluzione \u00e8 una gommapiuma a partire da una densit\u00e0 25D portante o densit\u00e0 30 con alto ritorno elastico. Insieme alla nostra clientela possiamo valutare consistenze maggiori quali densit\u00e0 35 o 40 kg\/m3 con certificazione ignifuga. Inviateci vostra richiesta con fiducia, analizziamo richiesta \u00e8 proponiamo le migliori soluzioni.<\/p>\n\n\n\n<div class=\"wpcf7 no-js\" id=\"wpcf7-f1064-o1\" lang=\"it-IT\" dir=\"ltr\">\n<div class=\"screen-reader-response\"><p role=\"status\" aria-live=\"polite\" aria-atomic=\"true\"><\/p> <ul><\/ul><\/div>\n<form action=\"\/index.php\/wp-json\/wp\/v2\/pages\/275#wpcf7-f1064-o1\" method=\"post\" class=\"wpcf7-form init\" aria-label=\"Modulo di contatto\" novalidate=\"novalidate\" data-status=\"init\">\n<div style=\"display: none;\">\n<input type=\"hidden\" name=\"_wpcf7\" value=\"1064\" \/>\n<input type=\"hidden\" name=\"_wpcf7_version\" value=\"5.9.8\" \/>\n<input type=\"hidden\" name=\"_wpcf7_locale\" value=\"it_IT\" \/>\n<input type=\"hidden\" name=\"_wpcf7_unit_tag\" value=\"wpcf7-f1064-o1\" \/>\n<input type=\"hidden\" name=\"_wpcf7_container_post\" value=\"0\" \/>\n<input type=\"hidden\" name=\"_wpcf7_posted_data_hash\" value=\"\" \/>\n<\/div>\n<p><label> Il tuo nome<br \/>\n<span class=\"wpcf7-form-control-wrap\" data-name=\"your-name\"><input size=\"40\" maxlength=\"400\" class=\"wpcf7-form-control wpcf7-text wpcf7-validates-as-required\" autocomplete=\"name\" aria-required=\"true\" aria-invalid=\"false\" value=\"\" type=\"text\" name=\"your-name\" \/><\/span> <\/label>\n<\/p>\n<p><label> La tua email<br \/>\n<span class=\"wpcf7-form-control-wrap\" data-name=\"your-email\"><input size=\"40\" maxlength=\"400\" class=\"wpcf7-form-control wpcf7-email wpcf7-validates-as-required wpcf7-text wpcf7-validates-as-email\" autocomplete=\"email\" aria-required=\"true\" aria-invalid=\"false\" value=\"\" type=\"email\" name=\"your-email\" \/><\/span> <\/label>\n<\/p>\n<p><label> Oggetto<br \/>\n<span class=\"wpcf7-form-control-wrap\" data-name=\"your-subject\"><input size=\"40\" maxlength=\"400\" class=\"wpcf7-form-control wpcf7-text wpcf7-validates-as-required\" aria-required=\"true\" aria-invalid=\"false\" value=\"\" type=\"text\" name=\"your-subject\" \/><\/span> <\/label>\n<\/p>\n<p><label> Il tuo messaggio (facoltativo)<br \/>\n<span class=\"wpcf7-form-control-wrap\" data-name=\"your-message\"><textarea cols=\"40\" rows=\"10\" maxlength=\"2000\" class=\"wpcf7-form-control wpcf7-textarea\" aria-invalid=\"false\" name=\"your-message\"><\/textarea><\/span> <\/label>\n<\/p>\n<p><input class=\"wpcf7-form-control wpcf7-submit has-spinner\" type=\"submit\" value=\"Invia\" \/><br \/>\n<span class=\"wpcf7-form-control-wrap\" data-name=\"acceptance-174\"><span class=\"wpcf7-form-control wpcf7-acceptance optional\"><span class=\"wpcf7-list-item\"><input type=\"checkbox\" name=\"acceptance-174\" value=\"1\" aria-invalid=\"false\" \/><\/span><\/span><\/span>\n<\/p><div class=\"wpcf7-response-output\" aria-hidden=\"true\"><\/div>\n<\/form>\n<\/div>\n\n\n\n\n<p><span class=\"0\">&nbsp;Email: gommapiumaeu@gmail.com Servizio whatsapp al&nbsp; 320 7633488<span class=\"ef-shortcode\"><br><\/span><\/span><\/p>\n","protected":false},"excerpt":{"rendered":"<p>La gommapiuma utilizzata per i cuscini delle sedie e differente dalla gommapiuma utilizzata per produrre imbottiture da divano. Non sono necessarie alte densit\u00e0 o livelli di ritorno elastico alti, tranne in presenza di sedie ampie o per locali pubblici come ristoranti, hotel, pizzerie. In questi casi per elevato utilizzo proponiamo densit\u00e0 alte e spessori maggiori [&hellip;]<\/p>\n","protected":false},"author":1,"featured_media":0,"parent":0,"menu_order":0,"comment_status":"closed","ping_status":"closed","template":"","meta":{"site-sidebar-layout":"default","site-content-layout":"","ast-site-content-layout":"","site-content-style":"default","site-sidebar-style":"default","ast-global-header-display":"","ast-banner-title-visibility":"","ast-main-header-display":"","ast-hfb-above-header-display":"","ast-hfb-below-header-display":"","ast-hfb-mobile-header-display":"","site-post-title":"","ast-breadcrumbs-content":"","ast-featured-img":"","footer-sml-layout":"","theme-transparent-header-meta":"","adv-header-id-meta":"","stick-header-meta":"","header-above-stick-meta":"","header-main-stick-meta":"","header-below-stick-meta":"","astra-migrate-meta-layouts":"default","ast-page-background-enabled":"default","ast-page-background-meta":{"desktop":{"background-color":"var(--ast-global-color-4)","background-image":"","background-repeat":"repeat","background-position":"center center","background-size":"auto","background-attachment":"scroll","background-type":"","background-media":"","overlay-type":"","overlay-color":"","overlay-opacity":"","overlay-gradient":""},"tablet":{"background-color":"","background-image":"","background-repeat":"repeat","background-position":"center center","background-size":"auto","background-attachment":"scroll","background-type":"","background-media":"","overlay-type":"","overlay-color":"","overlay-opacity":"","overlay-gradient":""},"mobile":{"background-color":"","background-image":"","background-repeat":"repeat","background-position":"center center","background-size":"auto","background-attachment":"scroll","background-type":"","background-media":"","overlay-type":"","overlay-color":"","overlay-opacity":"","overlay-gradient":""}},"ast-content-background-meta":{"desktop":{"background-color":"var(--ast-global-color-5)","background-image":"","background-repeat":"repeat","background-position":"center center","background-size":"auto","background-attachment":"scroll","background-type":"","background-media":"","overlay-type":"","overlay-color":"","overlay-opacity":"","overlay-gradient":""},"tablet":{"background-color":"var(--ast-global-color-5)","background-image":"","background-repeat":"repeat","background-position":"center center","background-size":"auto","background-attachment":"scroll","background-type":"","background-media":"","overlay-type":"","overlay-color":"","overlay-opacity":"","overlay-gradient":""},"mobile":{"background-color":"var(--ast-global-color-5)","background-image":"","background-repeat":"repeat","background-position":"center center","background-size":"auto","background-attachment":"scroll","background-type":"","background-media":"","overlay-type":"","overlay-color":"","overlay-opacity":"","overlay-gradient":""}},"footnotes":""},"yoast_head":"<!-- This site is optimized with the Yoast SEO plugin v23.5 - https:\/\/yoast.com\/wordpress\/plugins\/seo\/ -->\n<title>Gommapiuma per sedia - Gommapiuma.eu<\/title>\n<meta name=\"description\" content=\"Gommapiuma per sedie su misura. Taglio e vendita online gommapiuma per imbottire cuscini per sedie classiche, moderne e giardino\" \/>\n<meta name=\"robots\" content=\"index, follow, max-snippet:-1, max-image-preview:large, max-video-preview:-1\" \/>\n<link rel=\"canonical\" href=\"https:\/\/gommapiuma.eu\/index.php\/gommapiuma-per-sedie\/\" \/>\n<meta property=\"og:locale\" content=\"it_IT\" \/>\n<meta property=\"og:type\" content=\"article\" \/>\n<meta property=\"og:title\" content=\"Gommapiuma per sedia - Gommapiuma.eu\" \/>\n<meta property=\"og:description\" content=\"Gommapiuma per sedie su misura. Taglio e vendita online gommapiuma per imbottire cuscini per sedie classiche, moderne e giardino\" \/>\n<meta property=\"og:url\" content=\"https:\/\/gommapiuma.eu\/index.php\/gommapiuma-per-sedie\/\" \/>\n<meta property=\"og:site_name\" content=\"Gommapiuma.eu\" \/>\n<meta property=\"article:modified_time\" content=\"2025-02-06T07:05:19+00:00\" \/>\n<meta property=\"og:image\" content=\"https:\/\/gommapiuma.eu\/wp-content\/uploads\/2023\/01\/gommapiuma-per-cuscini-150x150.jpg\" \/>\n<meta name=\"twitter:card\" content=\"summary_large_image\" \/>\n<meta name=\"twitter:label1\" content=\"Tempo di lettura stimato\" \/>\n\t<meta name=\"twitter:data1\" content=\"3 minuti\" \/>\n<script type=\"application\/ld+json\" class=\"yoast-schema-graph\">{\"@context\":\"https:\/\/schema.org\",\"@graph\":[{\"@type\":\"WebPage\",\"@id\":\"https:\/\/gommapiuma.eu\/index.php\/gommapiuma-per-sedie\/\",\"url\":\"https:\/\/gommapiuma.eu\/index.php\/gommapiuma-per-sedie\/\",\"name\":\"Gommapiuma per sedia - Gommapiuma.eu\",\"isPartOf\":{\"@id\":\"https:\/\/gommapiuma.eu\/#website\"},\"primaryImageOfPage\":{\"@id\":\"https:\/\/gommapiuma.eu\/index.php\/gommapiuma-per-sedie\/#primaryimage\"},\"image\":{\"@id\":\"https:\/\/gommapiuma.eu\/index.php\/gommapiuma-per-sedie\/#primaryimage\"},\"thumbnailUrl\":\"https:\/\/gommapiuma.eu\/wp-content\/uploads\/2023\/01\/gommapiuma-per-cuscini-150x150.jpg\",\"datePublished\":\"2018-07-14T16:25:27+00:00\",\"dateModified\":\"2025-02-06T07:05:19+00:00\",\"description\":\"Gommapiuma per sedie su misura. Taglio e vendita online gommapiuma per imbottire cuscini per sedie classiche, moderne e giardino\",\"breadcrumb\":{\"@id\":\"https:\/\/gommapiuma.eu\/index.php\/gommapiuma-per-sedie\/#breadcrumb\"},\"inLanguage\":\"it-IT\",\"potentialAction\":[{\"@type\":\"ReadAction\",\"target\":[\"https:\/\/gommapiuma.eu\/index.php\/gommapiuma-per-sedie\/\"]}]},{\"@type\":\"ImageObject\",\"inLanguage\":\"it-IT\",\"@id\":\"https:\/\/gommapiuma.eu\/index.php\/gommapiuma-per-sedie\/#primaryimage\",\"url\":\"https:\/\/gommapiuma.eu\/wp-content\/uploads\/2023\/01\/gommapiuma-per-cuscini.jpg\",\"contentUrl\":\"https:\/\/gommapiuma.eu\/wp-content\/uploads\/2023\/01\/gommapiuma-per-cuscini.jpg\",\"width\":1024,\"height\":1745,\"caption\":\"gommapiuma per cuscini\"},{\"@type\":\"BreadcrumbList\",\"@id\":\"https:\/\/gommapiuma.eu\/index.php\/gommapiuma-per-sedie\/#breadcrumb\",\"itemListElement\":[{\"@type\":\"ListItem\",\"position\":1,\"name\":\"Home\",\"item\":\"https:\/\/gommapiuma.eu\/\"},{\"@type\":\"ListItem\",\"position\":2,\"name\":\"Gommapiuma per sedia\"}]},{\"@type\":\"WebSite\",\"@id\":\"https:\/\/gommapiuma.eu\/#website\",\"url\":\"https:\/\/gommapiuma.eu\/\",\"name\":\"Gommapiuma per cuscini e divani\",\"description\":\"Gommapiuma per tappezzeria. Spalliere o cuscini in gommapiuma per divani sono le nostre esecuzioni quotidiane per il confort della vostra casa.\",\"publisher\":{\"@id\":\"https:\/\/gommapiuma.eu\/#organization\"},\"potentialAction\":[{\"@type\":\"SearchAction\",\"target\":{\"@type\":\"EntryPoint\",\"urlTemplate\":\"https:\/\/gommapiuma.eu\/?s={search_term_string}\"},\"query-input\":{\"@type\":\"PropertyValueSpecification\",\"valueRequired\":true,\"valueName\":\"search_term_string\"}}],\"inLanguage\":\"it-IT\"},{\"@type\":\"Organization\",\"@id\":\"https:\/\/gommapiuma.eu\/#organization\",\"name\":\"gommapiuma.eu\",\"url\":\"https:\/\/gommapiuma.eu\/\",\"logo\":{\"@type\":\"ImageObject\",\"inLanguage\":\"it-IT\",\"@id\":\"https:\/\/gommapiuma.eu\/#\/schema\/logo\/image\/\",\"url\":\"https:\/\/gommapiuma.eu\/wp-content\/uploads\/2022\/01\/cropped-densita-gommapiuma-1.jpg\",\"contentUrl\":\"https:\/\/gommapiuma.eu\/wp-content\/uploads\/2022\/01\/cropped-densita-gommapiuma-1.jpg\",\"width\":1236,\"height\":520,\"caption\":\"gommapiuma.eu\"},\"image\":{\"@id\":\"https:\/\/gommapiuma.eu\/#\/schema\/logo\/image\/\"}}]}<\/script>\n<!-- \/ Yoast SEO plugin. -->","yoast_head_json":{"title":"Gommapiuma per sedia - Gommapiuma.eu","description":"Gommapiuma per sedie su misura. Taglio e vendita online gommapiuma per imbottire cuscini per sedie classiche, moderne e giardino","robots":{"index":"index","follow":"follow","max-snippet":"max-snippet:-1","max-image-preview":"max-image-preview:large","max-video-preview":"max-video-preview:-1"},"canonical":"https:\/\/gommapiuma.eu\/index.php\/gommapiuma-per-sedie\/","og_locale":"it_IT","og_type":"article","og_title":"Gommapiuma per sedia - Gommapiuma.eu","og_description":"Gommapiuma per sedie su misura. Taglio e vendita online gommapiuma per imbottire cuscini per sedie classiche, moderne e giardino","og_url":"https:\/\/gommapiuma.eu\/index.php\/gommapiuma-per-sedie\/","og_site_name":"Gommapiuma.eu","article_modified_time":"2025-02-06T07:05:19+00:00","og_image":[{"url":"https:\/\/gommapiuma.eu\/wp-content\/uploads\/2023\/01\/gommapiuma-per-cuscini-150x150.jpg"}],"twitter_card":"summary_large_image","twitter_misc":{"Tempo di lettura stimato":"3 minuti"},"schema":{"@context":"https:\/\/schema.org","@graph":[{"@type":"WebPage","@id":"https:\/\/gommapiuma.eu\/index.php\/gommapiuma-per-sedie\/","url":"https:\/\/gommapiuma.eu\/index.php\/gommapiuma-per-sedie\/","name":"Gommapiuma per sedia - Gommapiuma.eu","isPartOf":{"@id":"https:\/\/gommapiuma.eu\/#website"},"primaryImageOfPage":{"@id":"https:\/\/gommapiuma.eu\/index.php\/gommapiuma-per-sedie\/#primaryimage"},"image":{"@id":"https:\/\/gommapiuma.eu\/index.php\/gommapiuma-per-sedie\/#primaryimage"},"thumbnailUrl":"https:\/\/gommapiuma.eu\/wp-content\/uploads\/2023\/01\/gommapiuma-per-cuscini-150x150.jpg","datePublished":"2018-07-14T16:25:27+00:00","dateModified":"2025-02-06T07:05:19+00:00","description":"Gommapiuma per sedie su misura. Taglio e vendita online gommapiuma per imbottire cuscini per sedie classiche, moderne e giardino","breadcrumb":{"@id":"https:\/\/gommapiuma.eu\/index.php\/gommapiuma-per-sedie\/#breadcrumb"},"inLanguage":"it-IT","potentialAction":[{"@type":"ReadAction","target":["https:\/\/gommapiuma.eu\/index.php\/gommapiuma-per-sedie\/"]}]},{"@type":"ImageObject","inLanguage":"it-IT","@id":"https:\/\/gommapiuma.eu\/index.php\/gommapiuma-per-sedie\/#primaryimage","url":"https:\/\/gommapiuma.eu\/wp-content\/uploads\/2023\/01\/gommapiuma-per-cuscini.jpg","contentUrl":"https:\/\/gommapiuma.eu\/wp-content\/uploads\/2023\/01\/gommapiuma-per-cuscini.jpg","width":1024,"height":1745,"caption":"gommapiuma per cuscini"},{"@type":"BreadcrumbList","@id":"https:\/\/gommapiuma.eu\/index.php\/gommapiuma-per-sedie\/#breadcrumb","itemListElement":[{"@type":"ListItem","position":1,"name":"Home","item":"https:\/\/gommapiuma.eu\/"},{"@type":"ListItem","position":2,"name":"Gommapiuma per sedia"}]},{"@type":"WebSite","@id":"https:\/\/gommapiuma.eu\/#website","url":"https:\/\/gommapiuma.eu\/","name":"Gommapiuma per cuscini e divani","description":"Gommapiuma per tappezzeria. Spalliere o cuscini in gommapiuma per divani sono le nostre esecuzioni quotidiane per il confort della vostra casa.","publisher":{"@id":"https:\/\/gommapiuma.eu\/#organization"},"potentialAction":[{"@type":"SearchAction","target":{"@type":"EntryPoint","urlTemplate":"https:\/\/gommapiuma.eu\/?s={search_term_string}"},"query-input":{"@type":"PropertyValueSpecification","valueRequired":true,"valueName":"search_term_string"}}],"inLanguage":"it-IT"},{"@type":"Organization","@id":"https:\/\/gommapiuma.eu\/#organization","name":"gommapiuma.eu","url":"https:\/\/gommapiuma.eu\/","logo":{"@type":"ImageObject","inLanguage":"it-IT","@id":"https:\/\/gommapiuma.eu\/#\/schema\/logo\/image\/","url":"https:\/\/gommapiuma.eu\/wp-content\/uploads\/2022\/01\/cropped-densita-gommapiuma-1.jpg","contentUrl":"https:\/\/gommapiuma.eu\/wp-content\/uploads\/2022\/01\/cropped-densita-gommapiuma-1.jpg","width":1236,"height":520,"caption":"gommapiuma.eu"},"image":{"@id":"https:\/\/gommapiuma.eu\/#\/schema\/logo\/image\/"}}]}},"_links":{"self":[{"href":"https:\/\/gommapiuma.eu\/index.php\/wp-json\/wp\/v2\/pages\/275"}],"collection":[{"href":"https:\/\/gommapiuma.eu\/index.php\/wp-json\/wp\/v2\/pages"}],"about":[{"href":"https:\/\/gommapiuma.eu\/index.php\/wp-json\/wp\/v2\/types\/page"}],"author":[{"embeddable":true,"href":"https:\/\/gommapiuma.eu\/index.php\/wp-json\/wp\/v2\/users\/1"}],"replies":[{"embeddable":true,"href":"https:\/\/gommapiuma.eu\/index.php\/wp-json\/wp\/v2\/comments?post=275"}],"version-history":[{"count":23,"href":"https:\/\/gommapiuma.eu\/index.php\/wp-json\/wp\/v2\/pages\/275\/revisions"}],"predecessor-version":[{"id":1553,"href":"https:\/\/gommapiuma.eu\/index.php\/wp-json\/wp\/v2\/pages\/275\/revisions\/1553"}],"wp:attachment":[{"href":"https:\/\/gommapiuma.eu\/index.php\/wp-json\/wp\/v2\/media?parent=275"}],"curies":[{"name":"wp","href":"https:\/\/api.w.org\/{rel}","templated":true}]}}