{"id":1423,"date":"2024-12-07T04:33:32","date_gmt":"2024-12-07T03:33:32","guid":{"rendered":"https:\/\/gommapiuma.eu\/?page_id=1423"},"modified":"2025-01-26T08:36:27","modified_gmt":"2025-01-26T07:36:27","slug":"gommapiuma-brico","status":"publish","type":"page","link":"https:\/\/gommapiuma.eu\/index.php\/gommapiuma-brico\/","title":{"rendered":"Gommapiuma Brico"},"content":{"rendered":"\n<p>  Benvenuti nel mondo della gommapiuma Fai da te o piccoli lavori di bricolage, tappezzeria o progetti gommapiuma brico al metro.<\/p>\n\n\n\n<p>La nostra gommapiuma \u00e8 perfetta per una vasta gamma di applicazioni, dal creare cuscini, alla realizzazione imbottiture su misura o rivestire poltrone e sedie. Con la nostra ampia offerta di densit\u00e0 e spessori, trovate quello che serve per portare a termine il vostro successo.<\/p>\n\n\n\n<h2 class=\"wp-block-heading has-medium-font-size\">Prezzi gommapiuma<\/h2>\n\n\n\n<div class=\"wp-block-columns is-layout-flex wp-container-core-columns-layout-1 wp-block-columns-is-layout-flex\">\n<div class=\"wp-block-column is-layout-flow wp-block-column-is-layout-flow\">\n<figure class=\"wp-block-image size-full\"><img loading=\"lazy\" decoding=\"async\" width=\"1024\" height=\"1024\" src=\"https:\/\/gommapiuma.eu\/wp-content\/uploads\/2024\/12\/gommapiuma-faidate.jpg\" alt=\"gommapiuma tappezzeria\" class=\"wp-image-1430\" srcset=\"https:\/\/gommapiuma.eu\/wp-content\/uploads\/2024\/12\/gommapiuma-faidate.jpg 1024w, https:\/\/gommapiuma.eu\/wp-content\/uploads\/2024\/12\/gommapiuma-faidate-300x300.jpg 300w, https:\/\/gommapiuma.eu\/wp-content\/uploads\/2024\/12\/gommapiuma-faidate-150x150.jpg 150w, https:\/\/gommapiuma.eu\/wp-content\/uploads\/2024\/12\/gommapiuma-faidate-768x768.jpg 768w\" sizes=\"(max-width: 1024px) 100vw, 1024px\" \/><\/figure>\n<\/div>\n\n\n\n<div class=\"wp-block-column is-layout-flow wp-block-column-is-layout-flow\">\n<p>Altezza gommapiuma 10 cm.<\/p>\n\n\n\n<p>Lastra 50&#215;50 cm spessore 10 cm. Prezzo 9.90 euro<\/p>\n\n\n\n<p>Gommapiuma 50&#215;60 cm altezza 10 cm. Prezzo 14 euro <\/p>\n\n\n\n<p>Perimetro 55&#215;65 cm. spessore da 10 cm. Prezzo 19 euro<\/p>\n\n\n\n<p>Gommapiuma misura 60&#215;80 cm da 10 in altezza. Prezzo 24 euro<\/p>\n\n\n\n<p>Misura lastra 70&#215;115 cm da 10 cm in altezza. Costo 35 euro.<\/p>\n\n\n\n<p>Misure gommapiuma spessore 10 cm modificabili per realizzare il vostro lavoro faidate.<\/p>\n<\/div>\n<\/div>\n\n\n\n<h3 class=\"wp-block-heading has-medium-font-size\">Spessori gommapiuma<\/h3>\n\n\n\n<div class=\"wp-block-columns is-layout-flex wp-container-core-columns-layout-2 wp-block-columns-is-layout-flex\">\n<div class=\"wp-block-column is-layout-flow wp-block-column-is-layout-flow\">\n<p>Gomma da 80&#215;80 cm spessore 8 cm <\/p>\n\n\n\n<p>30 euro<\/p>\n<\/div>\n\n\n\n<div class=\"wp-block-column is-layout-flow wp-block-column-is-layout-flow\">\n<p>Gommapiuma 8 cm spessore 100&#215;100 cm<\/p>\n\n\n\n<p>34 euro<\/p>\n<\/div>\n\n\n\n<div class=\"wp-block-column is-layout-flow wp-block-column-is-layout-flow\">\n<p>lastra da 80&#215;120 cm altezza 8 cm<\/p>\n\n\n\n<p>38 euro<\/p>\n<\/div>\n<\/div>\n\n\n\n<div class=\"wp-block-columns is-layout-flex wp-container-core-columns-layout-3 wp-block-columns-is-layout-flex\">\n<div class=\"wp-block-column is-layout-flow wp-block-column-is-layout-flow\">\n<p>Lastre gomma piuma da 6 cm realizzabile su misura<\/p>\n\n\n\n<p>perimetro 100&#215;100 cm Offerta 25 euro<\/p>\n<\/div>\n\n\n\n<div class=\"wp-block-column is-layout-flow wp-block-column-is-layout-flow\">\n<p>Gommapiuma per coprisedia da 4 cm di spessore.<\/p>\n\n\n\n<p>misura 40&#215;40 cm. Prezzo 3 euro <\/p>\n<\/div>\n\n\n\n<div class=\"wp-block-column is-layout-flow wp-block-column-is-layout-flow\">\n<p>Lastra gommapiuma 2 cm in altezza. Ottima per tanti lavori.<\/p>\n\n\n\n<p>lastre da un 1 mq o 2 metri quadrati.<\/p>\n<\/div>\n<\/div>\n\n\n\n<p>Scegliete con fiducia la nostra gommapiuma. Disponiamo <a href=\"https:\/\/gommapiuma.eu\/index.php\/2019\/07\/05\/gommapiuma-per-cuscini-da-divano\/\">gommapiuma per divano<\/a> e <a href=\"https:\/\/gommapiuma.eu\/index.php\/2022\/01\/07\/gommapiuma_densita_30\/\">alte densit\u00e0<\/a> per lavori bricolage importanti<\/p>\n\n\n\n<p class=\"has-medium-font-size\">Riserviamo sempre una gommapiuma di qualit\u00e0. Utilizziamo materiali certificati per garantire durata e risultati ottimali.<\/p>\n\n\n\n<p class=\"has-medium-font-size\">proponiamo gommapiuma adatta per progetti brico, tappezzeria, arredamento, restauro e bricolage <\/p>\n\n\n\n<p class=\"has-medium-font-size\">Facilit\u00e0 d&#8217;uso: la nostra gommapiuma \u00e8 facile da tagliare, modellare e modellare compreso incollaggio, rendendo ogni progetto semplice.<\/p>\n\n\n\n<p class=\"has-medium-font-size\">Supporto: il nostro staff \u00e8 pronto a rispondere alle domande e offrire consigli utili <\/p>\n\n\n\n<p class=\"has-medium-font-size\">Iniziate a scoprire la nostra variet\u00e0 di gommapiuma per bricolage e quando pu\u00f2 essere facile mettere in opera la propria creativit\u00e0. la nostra email: gommapiumaeu@gmail.com Tel. 3207633488<\/p>\n\n\n\n<div class=\"wpcf7 no-js\" id=\"wpcf7-f1064-o1\" lang=\"it-IT\" dir=\"ltr\">\n<div class=\"screen-reader-response\"><p role=\"status\" aria-live=\"polite\" aria-atomic=\"true\"><\/p> <ul><\/ul><\/div>\n<form action=\"\/index.php\/wp-json\/wp\/v2\/pages\/1423#wpcf7-f1064-o1\" method=\"post\" class=\"wpcf7-form init\" aria-label=\"Modulo di contatto\" novalidate=\"novalidate\" data-status=\"init\">\n<div style=\"display: none;\">\n<input type=\"hidden\" name=\"_wpcf7\" value=\"1064\" \/>\n<input type=\"hidden\" name=\"_wpcf7_version\" value=\"5.9.8\" \/>\n<input type=\"hidden\" name=\"_wpcf7_locale\" value=\"it_IT\" \/>\n<input type=\"hidden\" name=\"_wpcf7_unit_tag\" value=\"wpcf7-f1064-o1\" \/>\n<input type=\"hidden\" name=\"_wpcf7_container_post\" value=\"0\" \/>\n<input type=\"hidden\" name=\"_wpcf7_posted_data_hash\" value=\"\" \/>\n<\/div>\n<p><label> Il tuo nome<br \/>\n<span class=\"wpcf7-form-control-wrap\" data-name=\"your-name\"><input size=\"40\" maxlength=\"400\" class=\"wpcf7-form-control wpcf7-text wpcf7-validates-as-required\" autocomplete=\"name\" aria-required=\"true\" aria-invalid=\"false\" value=\"\" type=\"text\" name=\"your-name\" \/><\/span> <\/label>\n<\/p>\n<p><label> La tua email<br \/>\n<span class=\"wpcf7-form-control-wrap\" data-name=\"your-email\"><input size=\"40\" maxlength=\"400\" class=\"wpcf7-form-control wpcf7-email wpcf7-validates-as-required wpcf7-text wpcf7-validates-as-email\" autocomplete=\"email\" aria-required=\"true\" aria-invalid=\"false\" value=\"\" type=\"email\" name=\"your-email\" \/><\/span> <\/label>\n<\/p>\n<p><label> Oggetto<br \/>\n<span class=\"wpcf7-form-control-wrap\" data-name=\"your-subject\"><input size=\"40\" maxlength=\"400\" class=\"wpcf7-form-control wpcf7-text wpcf7-validates-as-required\" aria-required=\"true\" aria-invalid=\"false\" value=\"\" type=\"text\" name=\"your-subject\" \/><\/span> <\/label>\n<\/p>\n<p><label> Il tuo messaggio (facoltativo)<br \/>\n<span class=\"wpcf7-form-control-wrap\" data-name=\"your-message\"><textarea cols=\"40\" rows=\"10\" maxlength=\"2000\" class=\"wpcf7-form-control wpcf7-textarea\" aria-invalid=\"false\" name=\"your-message\"><\/textarea><\/span> <\/label>\n<\/p>\n<p><input class=\"wpcf7-form-control wpcf7-submit has-spinner\" type=\"submit\" value=\"Invia\" \/><br \/>\n<span class=\"wpcf7-form-control-wrap\" data-name=\"acceptance-174\"><span class=\"wpcf7-form-control wpcf7-acceptance optional\"><span class=\"wpcf7-list-item\"><input type=\"checkbox\" name=\"acceptance-174\" value=\"1\" aria-invalid=\"false\" \/><\/span><\/span><\/span>\n<\/p><div class=\"wpcf7-response-output\" aria-hidden=\"true\"><\/div>\n<\/form>\n<\/div>\n\n","protected":false},"excerpt":{"rendered":"<p>Benvenuti nel mondo della gommapiuma Fai da te o piccoli lavori di bricolage, tappezzeria o progetti gommapiuma brico al metro. La nostra gommapiuma \u00e8 perfetta per una vasta gamma di applicazioni, dal creare cuscini, alla realizzazione imbottiture su misura o rivestire poltrone e sedie. Con la nostra ampia offerta di densit\u00e0 e spessori, trovate quello [&hellip;]<\/p>\n","protected":false},"author":1,"featured_media":0,"parent":0,"menu_order":0,"comment_status":"closed","ping_status":"closed","template":"","meta":{"site-sidebar-layout":"default","site-content-layout":"","ast-site-content-layout":"","site-content-style":"default","site-sidebar-style":"default","ast-global-header-display":"","ast-banner-title-visibility":"","ast-main-header-display":"","ast-hfb-above-header-display":"","ast-hfb-below-header-display":"","ast-hfb-mobile-header-display":"","site-post-title":"","ast-breadcrumbs-content":"","ast-featured-img":"","footer-sml-layout":"","theme-transparent-header-meta":"","adv-header-id-meta":"","stick-header-meta":"","header-above-stick-meta":"","header-main-stick-meta":"","header-below-stick-meta":"","astra-migrate-meta-layouts":"default","ast-page-background-enabled":"default","ast-page-background-meta":{"desktop":{"background-color":"var(--ast-global-color-4)","background-image":"","background-repeat":"repeat","background-position":"center center","background-size":"auto","background-attachment":"scroll","background-type":"","background-media":"","overlay-type":"","overlay-color":"","overlay-opacity":"","overlay-gradient":""},"tablet":{"background-color":"","background-image":"","background-repeat":"repeat","background-position":"center center","background-size":"auto","background-attachment":"scroll","background-type":"","background-media":"","overlay-type":"","overlay-color":"","overlay-opacity":"","overlay-gradient":""},"mobile":{"background-color":"","background-image":"","background-repeat":"repeat","background-position":"center center","background-size":"auto","background-attachment":"scroll","background-type":"","background-media":"","overlay-type":"","overlay-color":"","overlay-opacity":"","overlay-gradient":""}},"ast-content-background-meta":{"desktop":{"background-color":"var(--ast-global-color-5)","background-image":"","background-repeat":"repeat","background-position":"center center","background-size":"auto","background-attachment":"scroll","background-type":"","background-media":"","overlay-type":"","overlay-color":"","overlay-opacity":"","overlay-gradient":""},"tablet":{"background-color":"var(--ast-global-color-5)","background-image":"","background-repeat":"repeat","background-position":"center center","background-size":"auto","background-attachment":"scroll","background-type":"","background-media":"","overlay-type":"","overlay-color":"","overlay-opacity":"","overlay-gradient":""},"mobile":{"background-color":"var(--ast-global-color-5)","background-image":"","background-repeat":"repeat","background-position":"center center","background-size":"auto","background-attachment":"scroll","background-type":"","background-media":"","overlay-type":"","overlay-color":"","overlay-opacity":"","overlay-gradient":""}},"footnotes":""},"yoast_head":"<!-- This site is optimized with the Yoast SEO plugin v23.5 - https:\/\/yoast.com\/wordpress\/plugins\/seo\/ -->\n<title>Gommapiuma Brico - Gommapiuma.eu<\/title>\n<meta name=\"description\" content=\"Gommapiuma per brico e il faidate. Perfetta per cuscini e ogni creazione di imbottiture o progetti di restauro. Offriamo varie densit\u00e0.\" \/>\n<meta name=\"robots\" content=\"index, follow, max-snippet:-1, max-image-preview:large, max-video-preview:-1\" \/>\n<link rel=\"canonical\" href=\"https:\/\/gommapiuma.eu\/index.php\/gommapiuma-brico\/\" \/>\n<meta property=\"og:locale\" content=\"it_IT\" \/>\n<meta property=\"og:type\" content=\"article\" \/>\n<meta property=\"og:title\" content=\"Gommapiuma Brico - Gommapiuma.eu\" \/>\n<meta property=\"og:description\" content=\"Gommapiuma per brico e il faidate. Perfetta per cuscini e ogni creazione di imbottiture o progetti di restauro. Offriamo varie densit\u00e0.\" \/>\n<meta property=\"og:url\" content=\"https:\/\/gommapiuma.eu\/index.php\/gommapiuma-brico\/\" \/>\n<meta property=\"og:site_name\" content=\"Gommapiuma.eu\" \/>\n<meta property=\"article:modified_time\" content=\"2025-01-26T07:36:27+00:00\" \/>\n<meta property=\"og:image\" content=\"https:\/\/gommapiuma.eu\/wp-content\/uploads\/2024\/12\/gommapiuma-faidate.jpg\" \/>\n<meta name=\"twitter:card\" content=\"summary_large_image\" \/>\n<meta name=\"twitter:label1\" content=\"Tempo di lettura stimato\" \/>\n\t<meta name=\"twitter:data1\" content=\"2 minuti\" \/>\n<script type=\"application\/ld+json\" class=\"yoast-schema-graph\">{\"@context\":\"https:\/\/schema.org\",\"@graph\":[{\"@type\":\"WebPage\",\"@id\":\"https:\/\/gommapiuma.eu\/index.php\/gommapiuma-brico\/\",\"url\":\"https:\/\/gommapiuma.eu\/index.php\/gommapiuma-brico\/\",\"name\":\"Gommapiuma Brico - Gommapiuma.eu\",\"isPartOf\":{\"@id\":\"https:\/\/gommapiuma.eu\/#website\"},\"primaryImageOfPage\":{\"@id\":\"https:\/\/gommapiuma.eu\/index.php\/gommapiuma-brico\/#primaryimage\"},\"image\":{\"@id\":\"https:\/\/gommapiuma.eu\/index.php\/gommapiuma-brico\/#primaryimage\"},\"thumbnailUrl\":\"https:\/\/gommapiuma.eu\/wp-content\/uploads\/2024\/12\/gommapiuma-faidate.jpg\",\"datePublished\":\"2024-12-07T03:33:32+00:00\",\"dateModified\":\"2025-01-26T07:36:27+00:00\",\"description\":\"Gommapiuma per brico e il faidate. Perfetta per cuscini e ogni creazione di imbottiture o progetti di restauro. Offriamo varie densit\u00e0.\",\"breadcrumb\":{\"@id\":\"https:\/\/gommapiuma.eu\/index.php\/gommapiuma-brico\/#breadcrumb\"},\"inLanguage\":\"it-IT\",\"potentialAction\":[{\"@type\":\"ReadAction\",\"target\":[\"https:\/\/gommapiuma.eu\/index.php\/gommapiuma-brico\/\"]}]},{\"@type\":\"ImageObject\",\"inLanguage\":\"it-IT\",\"@id\":\"https:\/\/gommapiuma.eu\/index.php\/gommapiuma-brico\/#primaryimage\",\"url\":\"https:\/\/gommapiuma.eu\/wp-content\/uploads\/2024\/12\/gommapiuma-faidate.jpg\",\"contentUrl\":\"https:\/\/gommapiuma.eu\/wp-content\/uploads\/2024\/12\/gommapiuma-faidate.jpg\",\"width\":1024,\"height\":1024,\"caption\":\"gommapiuma tappezzeria\"},{\"@type\":\"BreadcrumbList\",\"@id\":\"https:\/\/gommapiuma.eu\/index.php\/gommapiuma-brico\/#breadcrumb\",\"itemListElement\":[{\"@type\":\"ListItem\",\"position\":1,\"name\":\"Home\",\"item\":\"https:\/\/gommapiuma.eu\/\"},{\"@type\":\"ListItem\",\"position\":2,\"name\":\"Gommapiuma Brico\"}]},{\"@type\":\"WebSite\",\"@id\":\"https:\/\/gommapiuma.eu\/#website\",\"url\":\"https:\/\/gommapiuma.eu\/\",\"name\":\"Gommapiuma per cuscini e divani\",\"description\":\"Gommapiuma per tappezzeria. Spalliere o cuscini in gommapiuma per divani sono le nostre esecuzioni quotidiane per il confort della vostra casa.\",\"publisher\":{\"@id\":\"https:\/\/gommapiuma.eu\/#organization\"},\"potentialAction\":[{\"@type\":\"SearchAction\",\"target\":{\"@type\":\"EntryPoint\",\"urlTemplate\":\"https:\/\/gommapiuma.eu\/?s={search_term_string}\"},\"query-input\":{\"@type\":\"PropertyValueSpecification\",\"valueRequired\":true,\"valueName\":\"search_term_string\"}}],\"inLanguage\":\"it-IT\"},{\"@type\":\"Organization\",\"@id\":\"https:\/\/gommapiuma.eu\/#organization\",\"name\":\"gommapiuma.eu\",\"url\":\"https:\/\/gommapiuma.eu\/\",\"logo\":{\"@type\":\"ImageObject\",\"inLanguage\":\"it-IT\",\"@id\":\"https:\/\/gommapiuma.eu\/#\/schema\/logo\/image\/\",\"url\":\"https:\/\/gommapiuma.eu\/wp-content\/uploads\/2022\/01\/cropped-densita-gommapiuma-1.jpg\",\"contentUrl\":\"https:\/\/gommapiuma.eu\/wp-content\/uploads\/2022\/01\/cropped-densita-gommapiuma-1.jpg\",\"width\":1236,\"height\":520,\"caption\":\"gommapiuma.eu\"},\"image\":{\"@id\":\"https:\/\/gommapiuma.eu\/#\/schema\/logo\/image\/\"}}]}<\/script>\n<!-- \/ Yoast SEO plugin. -->","yoast_head_json":{"title":"Gommapiuma Brico - Gommapiuma.eu","description":"Gommapiuma per brico e il faidate. Perfetta per cuscini e ogni creazione di imbottiture o progetti di restauro. Offriamo varie densit\u00e0.","robots":{"index":"index","follow":"follow","max-snippet":"max-snippet:-1","max-image-preview":"max-image-preview:large","max-video-preview":"max-video-preview:-1"},"canonical":"https:\/\/gommapiuma.eu\/index.php\/gommapiuma-brico\/","og_locale":"it_IT","og_type":"article","og_title":"Gommapiuma Brico - Gommapiuma.eu","og_description":"Gommapiuma per brico e il faidate. Perfetta per cuscini e ogni creazione di imbottiture o progetti di restauro. Offriamo varie densit\u00e0.","og_url":"https:\/\/gommapiuma.eu\/index.php\/gommapiuma-brico\/","og_site_name":"Gommapiuma.eu","article_modified_time":"2025-01-26T07:36:27+00:00","og_image":[{"url":"https:\/\/gommapiuma.eu\/wp-content\/uploads\/2024\/12\/gommapiuma-faidate.jpg"}],"twitter_card":"summary_large_image","twitter_misc":{"Tempo di lettura stimato":"2 minuti"},"schema":{"@context":"https:\/\/schema.org","@graph":[{"@type":"WebPage","@id":"https:\/\/gommapiuma.eu\/index.php\/gommapiuma-brico\/","url":"https:\/\/gommapiuma.eu\/index.php\/gommapiuma-brico\/","name":"Gommapiuma Brico - Gommapiuma.eu","isPartOf":{"@id":"https:\/\/gommapiuma.eu\/#website"},"primaryImageOfPage":{"@id":"https:\/\/gommapiuma.eu\/index.php\/gommapiuma-brico\/#primaryimage"},"image":{"@id":"https:\/\/gommapiuma.eu\/index.php\/gommapiuma-brico\/#primaryimage"},"thumbnailUrl":"https:\/\/gommapiuma.eu\/wp-content\/uploads\/2024\/12\/gommapiuma-faidate.jpg","datePublished":"2024-12-07T03:33:32+00:00","dateModified":"2025-01-26T07:36:27+00:00","description":"Gommapiuma per brico e il faidate. Perfetta per cuscini e ogni creazione di imbottiture o progetti di restauro. Offriamo varie densit\u00e0.","breadcrumb":{"@id":"https:\/\/gommapiuma.eu\/index.php\/gommapiuma-brico\/#breadcrumb"},"inLanguage":"it-IT","potentialAction":[{"@type":"ReadAction","target":["https:\/\/gommapiuma.eu\/index.php\/gommapiuma-brico\/"]}]},{"@type":"ImageObject","inLanguage":"it-IT","@id":"https:\/\/gommapiuma.eu\/index.php\/gommapiuma-brico\/#primaryimage","url":"https:\/\/gommapiuma.eu\/wp-content\/uploads\/2024\/12\/gommapiuma-faidate.jpg","contentUrl":"https:\/\/gommapiuma.eu\/wp-content\/uploads\/2024\/12\/gommapiuma-faidate.jpg","width":1024,"height":1024,"caption":"gommapiuma tappezzeria"},{"@type":"BreadcrumbList","@id":"https:\/\/gommapiuma.eu\/index.php\/gommapiuma-brico\/#breadcrumb","itemListElement":[{"@type":"ListItem","position":1,"name":"Home","item":"https:\/\/gommapiuma.eu\/"},{"@type":"ListItem","position":2,"name":"Gommapiuma Brico"}]},{"@type":"WebSite","@id":"https:\/\/gommapiuma.eu\/#website","url":"https:\/\/gommapiuma.eu\/","name":"Gommapiuma per cuscini e divani","description":"Gommapiuma per tappezzeria. Spalliere o cuscini in gommapiuma per divani sono le nostre esecuzioni quotidiane per il confort della vostra casa.","publisher":{"@id":"https:\/\/gommapiuma.eu\/#organization"},"potentialAction":[{"@type":"SearchAction","target":{"@type":"EntryPoint","urlTemplate":"https:\/\/gommapiuma.eu\/?s={search_term_string}"},"query-input":{"@type":"PropertyValueSpecification","valueRequired":true,"valueName":"search_term_string"}}],"inLanguage":"it-IT"},{"@type":"Organization","@id":"https:\/\/gommapiuma.eu\/#organization","name":"gommapiuma.eu","url":"https:\/\/gommapiuma.eu\/","logo":{"@type":"ImageObject","inLanguage":"it-IT","@id":"https:\/\/gommapiuma.eu\/#\/schema\/logo\/image\/","url":"https:\/\/gommapiuma.eu\/wp-content\/uploads\/2022\/01\/cropped-densita-gommapiuma-1.jpg","contentUrl":"https:\/\/gommapiuma.eu\/wp-content\/uploads\/2022\/01\/cropped-densita-gommapiuma-1.jpg","width":1236,"height":520,"caption":"gommapiuma.eu"},"image":{"@id":"https:\/\/gommapiuma.eu\/#\/schema\/logo\/image\/"}}]}},"_links":{"self":[{"href":"https:\/\/gommapiuma.eu\/index.php\/wp-json\/wp\/v2\/pages\/1423"}],"collection":[{"href":"https:\/\/gommapiuma.eu\/index.php\/wp-json\/wp\/v2\/pages"}],"about":[{"href":"https:\/\/gommapiuma.eu\/index.php\/wp-json\/wp\/v2\/types\/page"}],"author":[{"embeddable":true,"href":"https:\/\/gommapiuma.eu\/index.php\/wp-json\/wp\/v2\/users\/1"}],"replies":[{"embeddable":true,"href":"https:\/\/gommapiuma.eu\/index.php\/wp-json\/wp\/v2\/comments?post=1423"}],"version-history":[{"count":12,"href":"https:\/\/gommapiuma.eu\/index.php\/wp-json\/wp\/v2\/pages\/1423\/revisions"}],"predecessor-version":[{"id":1564,"href":"https:\/\/gommapiuma.eu\/index.php\/wp-json\/wp\/v2\/pages\/1423\/revisions\/1564"}],"wp:attachment":[{"href":"https:\/\/gommapiuma.eu\/index.php\/wp-json\/wp\/v2\/media?parent=1423"}],"curies":[{"name":"wp","href":"https:\/\/api.w.org\/{rel}","templated":true}]}}